{"id":1556,"date":"2021-01-29T14:21:06","date_gmt":"2021-01-29T19:21:06","guid":{"rendered":"https:\/\/pourvoirielagalette.ca\/home\/"},"modified":"2024-10-14T10:04:32","modified_gmt":"2024-10-14T14:04:32","slug":"home","status":"publish","type":"page","link":"https:\/\/pourvoirielagalette.ca\/en\/home\/","title":{"rendered":"Home"},"content":{"rendered":"<div id='layer_slider_1'  class='avia-layerslider main_color avia-shadow  avia-builder-el-0  el_before_av_section  avia-builder-el-first  container_wrap sidebar_left'  style='height: 491px; max-width: 1310px; margin: 0 auto;'  ><\/div>\n\n<style type=\"text\/css\" data-created_by=\"avia_inline_auto\" id=\"style-css-av-kjol5vq0-34cf2500477bae82b27866e84f4620bd\">\n.avia-section.av-kjol5vq0-34cf2500477bae82b27866e84f4620bd{\nbackground-color:#f4f4f4;\nbackground-image:unset;\n}\n<\/style>\n<div id='av_section_1'  class='avia-section av-kjol5vq0-34cf2500477bae82b27866e84f4620bd main_color avia-section-large avia-no-border-styling  avia-builder-el-1  el_after_av_layerslider  el_before_av_heading  avia-bg-style-scroll container_wrap sidebar_left'  ><div class='container av-section-cont-open' ><div class='template-page content  av-content-small units'><div class='post-entry post-entry-type-page post-entry-1556'><div class='entry-content-wrapper clearfix'>\n<div  class='flex_column av-bn4ii-29bb2d7547b5769854476e51cd19172a av_one_half  avia-builder-el-2  el_before_av_one_half  avia-builder-el-first  first flex_column_div  '     ><style type=\"text\/css\" data-created_by=\"avia_inline_auto\" id=\"style-css-av-b6r5u-c8f97be1ead3e0fe88d8c66717067aae\">\n.iconbox.av-b6r5u-c8f97be1ead3e0fe88d8c66717067aae .iconbox_icon{\nbackground-color:#000000;\ncolor:#f8ee61;\n}\n<\/style>\n<article  class='iconbox iconbox_left_content av-b6r5u-c8f97be1ead3e0fe88d8c66717067aae  avia-builder-el-3  avia-builder-el-no-sibling '  itemscope=\"itemscope\" itemtype=\"https:\/\/schema.org\/CreativeWork\" ><a href='https:\/\/pourvoirielagalette.ca\/en\/packages\/' title='FAMILY VACATIONS'  class=\"iconbox_icon heading-color\" aria-hidden='true' data-av_icon='\ue866' data-av_iconfont='entypo-fontello'><\/a><div class=\"iconbox_content\"><header class=\"entry-content-header\" aria-label=\"Icon: FAMILY VACATIONS\"><h3 class='iconbox_content_title '  itemprop=\"headline\" ><a href='https:\/\/pourvoirielagalette.ca\/en\/packages\/' title='FAMILY VACATIONS' >FAMILY VACATIONS<\/a><\/h3><\/header><div class='iconbox_content_container '  itemprop=\"text\" ><p>Known for its spectacular landscapes, Gouin Reservoir is the ideal destination for a memorable trip.<\/p>\n<\/div><\/div><footer class=\"entry-footer\"><\/footer><\/article><\/div><div  class='flex_column av-ctcym-f44c499d7ef3f93671ba7428214ea1d9 av_one_half  avia-builder-el-4  el_after_av_one_half  avia-builder-el-last  flex_column_div  '     ><style type=\"text\/css\" data-created_by=\"avia_inline_auto\" id=\"style-css-av-c5ara-f52d615f91193b1c628bdb8bc1c104e1\">\n.iconbox.av-c5ara-f52d615f91193b1c628bdb8bc1c104e1 .iconbox_icon{\nbackground-color:#000000;\ncolor:#f8ee61;\n}\n<\/style>\n<article  class='iconbox iconbox_left_content av-c5ara-f52d615f91193b1c628bdb8bc1c104e1  avia-builder-el-5  avia-builder-el-no-sibling '  itemscope=\"itemscope\" itemtype=\"https:\/\/schema.org\/CreativeWork\" ><a href='https:\/\/pourvoirielagalette.ca\/en\/fishing\/' title='WALLEYE AND PIKE FISHING'  class=\"iconbox_icon heading-color\" aria-hidden='true' data-av_icon='\ue8b9' data-av_iconfont='entypo-fontello'><\/a><div class=\"iconbox_content\"><header class=\"entry-content-header\" aria-label=\"Icon: WALLEYE AND PIKE FISHING\"><h3 class='iconbox_content_title '  itemprop=\"headline\" ><a href='https:\/\/pourvoirielagalette.ca\/en\/fishing\/' title='WALLEYE AND PIKE FISHING' >WALLEYE AND PIKE FISHING<\/a><\/h3><\/header><div class='iconbox_content_container '  itemprop=\"text\" ><p>Gouin Reservoir is known for its abundance of high-quality pikes and walleyes.<\/p>\n<\/div><\/div><footer class=\"entry-footer\"><\/footer><\/article><\/div>\n<\/div><\/div><\/div><!-- close content main div --><\/div><\/div><div id='after_section_1'  class='main_color av_default_container_wrap container_wrap sidebar_left'  ><div class='container av-section-cont-open' ><div class='template-page content  av-content-small units'><div class='post-entry post-entry-type-page post-entry-1556'><div class='entry-content-wrapper clearfix'>\n\n<style type=\"text\/css\" data-created_by=\"avia_inline_auto\" id=\"style-css-av-5yo6-fbc3cfa97410336c6c433d024a270823\">\n#top .av-special-heading.av-5yo6-fbc3cfa97410336c6c433d024a270823{\npadding-bottom:5px;\n}\nbody .av-special-heading.av-5yo6-fbc3cfa97410336c6c433d024a270823 .av-special-heading-tag .heading-char{\nfont-size:25px;\n}\n.av-special-heading.av-5yo6-fbc3cfa97410336c6c433d024a270823 .av-subheading{\nfont-size:10px;\n}\n<\/style>\n<div  class='av-special-heading av-5yo6-fbc3cfa97410336c6c433d024a270823 av-special-heading-h1  avia-builder-el-6  el_after_av_section  el_before_av_textblock  avia-builder-el-first '><h1 class='av-special-heading-tag '  itemprop=\"headline\"  >Gouin Reservoir\u2019s widest selection of houseboats<\/h1><div class=\"special-heading-border\"><div class=\"special-heading-inner-border\"><\/div><\/div><\/div>\n<section  class='av_textblock_section av-97qam-c6e465a8f6151cdc338ad481c26fb491 '   itemscope=\"itemscope\" itemtype=\"https:\/\/schema.org\/CreativeWork\" ><div class='avia_textblock'  itemprop=\"text\" ><p>With over 20 years of sport fishing and houseboat expertise, Pourvoirie Rivi\u00e8re la Galette\u2019s experienced team offers top-quality services and highly customizable fishing packages to ensure a memorable stay. Our extensive hands-on experience at Gouin Reservoir gives you access to all the best fishing spots. Marvel at the stunning beauty of the landscapes, natural beaches and sunsets with family or friends.<\/p>\n<p>Enjoy the unique experience of floating cabins on this maritime gem of the Mauricie region. Known for its great walleye and pike fishing from May to September, Gouin Reservoir is a destination of choice for abundant catches. Many fishing enthusiasts make the trip from Gatineau, Montreal and Quebec City for the unparalleled Pourvoirie La Galette experience.<\/p>\n<p>Choose your ideal adventure and we\u2019ll make your stay a trip to remember.<\/p>\n<\/div><\/section>\n<div  class='flex_column av-8gcq2-0b6cadd18799eba7bf463d106b05f209 av_one_full  avia-builder-el-8  el_after_av_textblock  el_before_av_textblock  first flex_column_div  column-top-margin'     ><div  id=\"av-sc-portfolio-1\"  class=\"av-portfolio-grid-sorting-container\"><div class='sort_width_container  av-sort-yes' data-portfolio-id='1' ><div id='js_sort_items' ><div class='sort_by_cat hidden'><a href=\"#\" data-filter=\"all_sort\" class=\"all_sort_button active_sort\"><span class=\"inner_sort_button\"><span>All<\/span><small class=\"av-cat-count\"> 3 <\/small><\/span><\/a><\/div><\/div><\/div><div  class=' grid-sort-container isotope   no_margin-container with-excerpt-container grid-total-odd grid-col-3 grid-links-' data-portfolio-id='1'><div data-ajax-id='1452' class=' grid-entry flex_column isotope-item all_sort no_margin post-entry post-entry-1452 grid-entry-overview grid-loop-1 grid-parity-odd   av_one_third first default_av_fullwidth '><article class='main_color inner-entry'  itemscope=\"itemscope\" itemtype=\"https:\/\/schema.org\/CreativeWork\" ><a href=\"https:\/\/pourvoirielagalette.ca\/en\/portfolio\/standard-houseboats\/\" title='Standard houseboats'  data-rel='grid-1' class='grid-image avia-hover-fx'> <img width=\"495\" height=\"400\" src=\"https:\/\/pourvoirielagalette.ca\/wp-content\/uploads\/Pourvoirie-La-Galette-Bateau-Standard-17-495x400.jpg\" class=\"wp-image-1491 avia-img-lazy-loading-not-1491 attachment-portfolio size-portfolio wp-post-image\" alt=\"\" decoding=\"async\" srcset=\"https:\/\/pourvoirielagalette.ca\/wp-content\/uploads\/Pourvoirie-La-Galette-Bateau-Standard-17-495x400.jpg 495w, https:\/\/pourvoirielagalette.ca\/wp-content\/uploads\/Pourvoirie-La-Galette-Bateau-Standard-17-845x684.jpg 845w\" sizes=\"(max-width: 495px) 100vw, 495px\" \/><\/a><div class='grid-content'><div class='avia-arrow'><\/div><header class=\"entry-content-header\" aria-label=\"Portfolio: Standard houseboats\"><h3 class='grid-entry-title entry-title '  itemprop=\"headline\" ><a href='https:\/\/pourvoirielagalette.ca\/en\/portfolio\/standard-houseboats\/' title='Standard houseboats'>Standard houseboats<\/a><\/h3><\/header><\/div><footer class=\"entry-footer\"><\/footer><\/article><\/div><div data-ajax-id='1497' class=' grid-entry flex_column isotope-item all_sort no_margin post-entry post-entry-1497 grid-entry-overview grid-loop-2 grid-parity-even   av_one_third  default_av_fullwidth '><article class='main_color inner-entry'  itemscope=\"itemscope\" itemtype=\"https:\/\/schema.org\/CreativeWork\" ><a href=\"https:\/\/pourvoirielagalette.ca\/en\/portfolio\/deluxe-houseboats\/\" title='Deluxe houseboats'  data-rel='grid-1' class='grid-image avia-hover-fx'> <img width=\"495\" height=\"400\" src=\"https:\/\/pourvoirielagalette.ca\/wp-content\/uploads\/bateau_maison-495x400.jpg\" class=\"wp-image-1668 avia-img-lazy-loading-not-1668 attachment-portfolio size-portfolio wp-post-image\" alt=\"\" decoding=\"async\" \/><\/a><div class='grid-content'><div class='avia-arrow'><\/div><header class=\"entry-content-header\" aria-label=\"Portfolio: Deluxe houseboats\"><h3 class='grid-entry-title entry-title '  itemprop=\"headline\" ><a href='https:\/\/pourvoirielagalette.ca\/en\/portfolio\/deluxe-houseboats\/' title='Deluxe houseboats'>Deluxe houseboats<\/a><\/h3><\/header><\/div><footer class=\"entry-footer\"><\/footer><\/article><\/div><div data-ajax-id='1502' class=' grid-entry flex_column isotope-item all_sort no_margin post-entry post-entry-1502 grid-entry-overview grid-loop-3 grid-parity-odd  post-entry-last   av_one_third  default_av_fullwidth '><article class='main_color inner-entry'  itemscope=\"itemscope\" itemtype=\"https:\/\/schema.org\/CreativeWork\" ><a href=\"https:\/\/pourvoirielagalette.ca\/en\/portfolio\/vip-houseboats\/\" title='VIP houseboats'  data-rel='grid-1' class='grid-image avia-hover-fx'> <img width=\"495\" height=\"400\" src=\"https:\/\/pourvoirielagalette.ca\/wp-content\/uploads\/Pourvoirie-La-Galette-VIP-1-495x400.jpg\" class=\"wp-image-1685 avia-img-lazy-loading-not-1685 attachment-portfolio size-portfolio wp-post-image\" alt=\"\" decoding=\"async\" srcset=\"https:\/\/pourvoirielagalette.ca\/wp-content\/uploads\/Pourvoirie-La-Galette-VIP-1-495x400.jpg 495w, https:\/\/pourvoirielagalette.ca\/wp-content\/uploads\/Pourvoirie-La-Galette-VIP-1-845x684.jpg 845w\" sizes=\"(max-width: 495px) 100vw, 495px\" \/><\/a><div class='grid-content'><div class='avia-arrow'><\/div><header class=\"entry-content-header\" aria-label=\"Portfolio: VIP houseboats\"><h3 class='grid-entry-title entry-title '  itemprop=\"headline\" ><a href='https:\/\/pourvoirielagalette.ca\/en\/portfolio\/vip-houseboats\/' title='VIP houseboats'>VIP houseboats<\/a><\/h3><\/header><\/div><footer class=\"entry-footer\"><\/footer><\/article><\/div><\/div><\/div>   <!--   class=\"av-portfolio-grid-sorting-container\"  --><\/div>\n<section  class='av_textblock_section av-7jibe-9c8b695658a30b53fbc7e39d76ac40a1 '   itemscope=\"itemscope\" itemtype=\"https:\/\/schema.org\/CreativeWork\" ><div class='avia_textblock'  itemprop=\"text\" ><\/div><\/section>\n<div  class='avia-button-wrap av-6vsgi-47e8036e3ae572884204ae1a7879634c-wrap avia-button-center  avia-builder-el-11  el_after_av_textblock  el_before_av_section  avia-builder-el-last '>\n<style type=\"text\/css\" data-created_by=\"avia_inline_auto\" id=\"style-css-av-6vsgi-47e8036e3ae572884204ae1a7879634c\">\n#top #wrap_all .avia-button.av-6vsgi-47e8036e3ae572884204ae1a7879634c{\nbackground-color:#000000;\nborder-color:#000000;\ncolor:#f8ee61;\ntransition:all 0.4s ease-in-out;\nmargin:15px 0 0 0;\n}\n#top #wrap_all .avia-button.av-6vsgi-47e8036e3ae572884204ae1a7879634c:hover{\nbackground-color:grey;\ncolor:white;\ntransition:all 0.4s ease-in-out;\n}\n<\/style>\n<a href='https:\/\/pourvoirielagalette.ca\/en\/houseboats\/'  class='avia-button av-6vsgi-47e8036e3ae572884204ae1a7879634c av-link-btn avia-icon_select-no avia-size-x-large avia-position-center'   aria-label=\"See our houseboats\"><span class='avia_iconbox_title' >See our houseboats<\/span><\/a><\/div>\n<\/div><\/div><\/div><!-- close content main div --><\/div><\/div><div id='av_section_2'  class='avia-section av-rmri-2b8397efb8af0a88415557822d8f91bb main_color avia-section-default avia-no-shadow  avia-builder-el-12  el_after_av_button  avia-builder-el-last  avia-bg-style-scroll container_wrap sidebar_left'  ><div class='container av-section-cont-open' ><div class='template-page content  av-content-small units'><div class='post-entry post-entry-type-page post-entry-1556'><div class='entry-content-wrapper clearfix'>\n<section  class='av_textblock_section av-97qam-1-20e66ee5344124a7be7fdeaaf7348642 '   itemscope=\"itemscope\" itemtype=\"https:\/\/schema.org\/CreativeWork\" ><div class='avia_textblock'  itemprop=\"text\" ><h2 style=\"text-align: center;\">Our partners<\/h2>\n<p style=\"text-align: center;\">Visit our partners\u2019 sites by clicking on their logo.<\/p>\n<\/div><\/section>\n<div  class='avia-logo-element-container av-5n4ny-3fc2a6d1bdf51cb665b71ae711d0b224 av-border-deactivate avia-logo-slider avia-content-slider avia-smallarrow-slider avia-content-slider-active noHover avia-content-slider-odd  avia-builder-el-14  el_after_av_textblock  avia-builder-el-last  av-slideshow-ui av-control-default av-nav-arrows-visible av-nav-dots-visible av-hide-nav-arrows av-slideshow-autoplay av-loop-endless av-loop-manual-endless avia-content-slider1' data-slideshow-options=\"{&quot;animation&quot;:&quot;slide&quot;,&quot;autoplay&quot;:true,&quot;loop_autoplay&quot;:&quot;endless&quot;,&quot;interval&quot;:100,&quot;loop_manual&quot;:&quot;manual-endless&quot;,&quot;autoplay_stopper&quot;:false,&quot;noNavigation&quot;:false,&quot;bg_slider&quot;:false,&quot;keep_padding&quot;:&quot;&quot;,&quot;hoverpause&quot;:false,&quot;show_slide_delay&quot;:0}\"><div class='avia-smallarrow-slider-heading  no-logo-slider-heading '><div class='new-special-heading'>&nbsp;<\/div><\/div><div class=\"avia-content-slider-inner\"><div class=\"slide-entry-wrap\"><div data-avia-tooltip=\"AFC Gouin\" class='slide-entry av-1d5gi6-1361a4afe587b1133d6ce45c6c9f9bb8 flex_column no_margin av_one_seventh real-thumbnail post-entry slide-entry-overview slide-loop-1 slide-parity-odd  first'><a href=\"http:\/\/www.afcgouin.ca\" data-rel='slide-1' class='slide-image' title='' target=\"_blank\" rel=\"noopener noreferrer\"><img width=\"85\" height=\"81\" src=\"https:\/\/pourvoirielagalette.ca\/wp-content\/uploads\/Logo_AFC_Gouin_site_Web_2.png\" class=\"wp-image-1722 avia-img-lazy-loading-1722 attachment-no scaling size-no scaling\" alt=\"Logo Chassomaniak\" decoding=\"async\" loading=\"lazy\" \/><\/a><\/div><div data-avia-tooltip=\"Airmedic\" class='slide-entry av-xhya-e9a5b6bacbf1916f63a3e8a84d78e955 flex_column no_margin av_one_seventh real-thumbnail post-entry slide-entry-overview slide-loop-2 slide-parity-even  '><a href=\"https:\/\/www.airmedic.net\/\" data-rel='slide-1' class='slide-image' title='' target=\"_blank\" rel=\"noopener noreferrer\"><img width=\"132\" height=\"72\" src=\"https:\/\/pourvoirielagalette.ca\/wp-content\/uploads\/2014\/12\/logo_airmedic.jpg\" class=\"wp-image-1725 avia-img-lazy-loading-1725 attachment-no scaling size-no scaling\" alt=\"Air Medic\" decoding=\"async\" loading=\"lazy\" \/><\/a><\/div><div data-avia-tooltip=\"Association des pourvoiries de la Mauricie\" class='slide-entry av-110hsm-fee86666b562fbc0a4dc4f76d190d987 flex_column no_margin av_one_seventh real-thumbnail post-entry slide-entry-overview slide-loop-3 slide-parity-odd  '><a href=\"http:\/\/www.naturemauricie.com\/\" data-rel='slide-1' class='slide-image' title='' target=\"_blank\" rel=\"noopener noreferrer\"><img width=\"133\" height=\"72\" src=\"https:\/\/pourvoirielagalette.ca\/wp-content\/uploads\/2014\/12\/logo_APM.jpg\" class=\"wp-image-1747 avia-img-lazy-loading-1747 attachment-no scaling size-no scaling\" alt=\"Association des pourvoiries de la Mauricie\" decoding=\"async\" loading=\"lazy\" \/><\/a><\/div><div data-avia-tooltip=\"F\u00e9d\u00e9ration des pourvoiries du Qu\u00e9bec\" class='slide-entry av-qsb5y-a32cb17c5fa5278a2b91cdefed59e3fa flex_column no_margin av_one_seventh real-thumbnail post-entry slide-entry-overview slide-loop-4 slide-parity-even  '><a href=\"http:\/\/www.fpq.com\" data-rel='slide-1' class='slide-image' title='' target=\"_blank\" rel=\"noopener noreferrer\"><img width=\"130\" height=\"94\" src=\"https:\/\/pourvoirielagalette.ca\/wp-content\/uploads\/logo_FPQ.jpg\" class=\"wp-image-1724 avia-img-lazy-loading-1724 attachment-no scaling size-no scaling\" alt=\"F\u00e9d\u00e9ration de pourvoiries du Qu\u00e9bec\" decoding=\"async\" loading=\"lazy\" \/><\/a><\/div><div data-avia-tooltip=\"Les pourvoiries du Qu\u00e9bec\" class='slide-entry av-jazy6-18d8248290bf7dcf96d944c89a6bf66d flex_column no_margin av_one_seventh real-thumbnail post-entry slide-entry-overview slide-loop-5 slide-parity-odd  '><a href=\"http:\/\/www.pourvoiries.com\/\" data-rel='slide-1' class='slide-image' title='' target=\"_blank\" rel=\"noopener noreferrer\"><img width=\"129\" height=\"72\" src=\"https:\/\/pourvoirielagalette.ca\/wp-content\/uploads\/2014\/12\/logo_PQ.jpg\" class=\"wp-image-1759 avia-img-lazy-loading-1759 attachment-no scaling size-no scaling\" alt=\"Les pourvoiries du Qu\u00e9bec\" decoding=\"async\" loading=\"lazy\" \/><\/a><\/div><div data-avia-tooltip=\"Mercury\" class='slide-entry av-f3tti-892b2b932d4b7dad3d2bf0850f36c27c flex_column no_margin av_one_seventh real-thumbnail post-entry slide-entry-overview slide-loop-6 slide-parity-even  '><a href=\"https:\/\/www.mercurymarine.com\/\" data-rel='slide-1' class='slide-image' title='' target=\"_blank\" rel=\"noopener noreferrer\"><img width=\"139\" height=\"72\" src=\"https:\/\/pourvoirielagalette.ca\/wp-content\/uploads\/2014\/12\/logo_mercury.jpg\" class=\"wp-image-1726 avia-img-lazy-loading-1726 attachment-no scaling size-no scaling\" alt=\"Mercury\" decoding=\"async\" loading=\"lazy\" \/><\/a><\/div><div data-avia-tooltip=\"SOPFEU\" class='slide-entry av-6vns6-de28904a72bdc249536074744d91a1db flex_column no_margin av_one_seventh real-thumbnail post-entry slide-entry-overview slide-loop-7 slide-parity-odd post-entry-last '><a href=\"http:\/\/www.sopfeu.qc.ca\/\" data-rel='slide-1' class='slide-image' title='' target=\"_blank\" rel=\"noopener noreferrer\"><img width=\"93\" height=\"72\" src=\"https:\/\/pourvoirielagalette.ca\/wp-content\/uploads\/2014\/12\/logo_sopfeu.jpg\" class=\"wp-image-1758 avia-img-lazy-loading-1758 attachment-no scaling size-no scaling\" alt=\"Sopfeu\" decoding=\"async\" loading=\"lazy\" \/><\/a><\/div><\/div><\/div><\/div>\n<\/div><\/div><\/div><!-- close content main div --><\/div><\/div><div id='after_section_2'  class='main_color av_default_container_wrap container_wrap sidebar_left'  ><div class='container av-section-cont-open' ><div class='template-page content  av-content-small units'><div class='post-entry post-entry-type-page post-entry-1556'><div class='entry-content-wrapper clearfix'>\n","protected":false},"excerpt":{"rendered":"","protected":false},"author":5,"featured_media":0,"parent":0,"menu_order":0,"comment_status":"open","ping_status":"open","template":"","meta":[],"_links":{"self":[{"href":"https:\/\/pourvoirielagalette.ca\/en\/wp-json\/wp\/v2\/pages\/1556"}],"collection":[{"href":"https:\/\/pourvoirielagalette.ca\/en\/wp-json\/wp\/v2\/pages"}],"about":[{"href":"https:\/\/pourvoirielagalette.ca\/en\/wp-json\/wp\/v2\/types\/page"}],"author":[{"embeddable":true,"href":"https:\/\/pourvoirielagalette.ca\/en\/wp-json\/wp\/v2\/users\/5"}],"replies":[{"embeddable":true,"href":"https:\/\/pourvoirielagalette.ca\/en\/wp-json\/wp\/v2\/comments?post=1556"}],"version-history":[{"count":16,"href":"https:\/\/pourvoirielagalette.ca\/en\/wp-json\/wp\/v2\/pages\/1556\/revisions"}],"predecessor-version":[{"id":1990,"href":"https:\/\/pourvoirielagalette.ca\/en\/wp-json\/wp\/v2\/pages\/1556\/revisions\/1990"}],"wp:attachment":[{"href":"https:\/\/pourvoirielagalette.ca\/en\/wp-json\/wp\/v2\/media?parent=1556"}],"curies":[{"name":"wp","href":"https:\/\/api.w.org\/{rel}","templated":true}]}}