{"id":1548,"date":"2021-01-29T14:18:45","date_gmt":"2021-01-29T19:18:45","guid":{"rendered":"https:\/\/pourvoirielagalette.ca\/contact-us\/"},"modified":"2023-10-05T13:45:19","modified_gmt":"2023-10-05T17:45:19","slug":"contact-us","status":"publish","type":"page","link":"https:\/\/pourvoirielagalette.ca\/en\/contact-us\/","title":{"rendered":"Contact us"},"content":{"rendered":"\n<style type=\"text\/css\" data-created_by=\"avia_inline_auto\" id=\"style-css-av-1vh2uf-bf96bac2fa33454ebd8d41194cef1c0d\">\n#top .av-special-heading.av-1vh2uf-bf96bac2fa33454ebd8d41194cef1c0d{\npadding-bottom:5px;\n}\nbody .av-special-heading.av-1vh2uf-bf96bac2fa33454ebd8d41194cef1c0d .av-special-heading-tag .heading-char{\nfont-size:25px;\n}\n.av-special-heading.av-1vh2uf-bf96bac2fa33454ebd8d41194cef1c0d .av-subheading{\nfont-size:15px;\n}\n<\/style>\n<div  class='av-special-heading av-1vh2uf-bf96bac2fa33454ebd8d41194cef1c0d av-special-heading-h1  avia-builder-el-0  el_before_av_two_third  avia-builder-el-first '><h1 class='av-special-heading-tag '  itemprop=\"headline\"  >Contact us<\/h1><div class=\"special-heading-border\"><div class=\"special-heading-inner-border\"><\/div><\/div><\/div>\n<div  class='flex_column av-486va7-b841094d0b4ea2c5acec85db36365f29 av_two_third  avia-builder-el-1  el_after_av_heading  el_before_av_one_third  first flex_column_div  '     ><form action=\"https:\/\/pourvoirielagalette.ca\/en\/contact-us\/\" method=\"post\" data-fields-with-error=\"Found errors in the following field(s):\" class=\"avia_ajax_form av-form-labels-visible   avia-builder-el-2  avia-builder-el-no-sibling   \" data-avia-form-id=\"1\" data-avia-redirect='' ><h3 class=''>or make a reservation<\/h3><fieldset><p class='  first_form  form_element form_fullwidth' id='element_avia_1_1'><label for=\"avia_1_1\">Name <abbr class=\"required\" title=\"required\">*<\/abbr><\/label> <input name=\"avia_1_1\" class=\"text_input is_empty\" type=\"text\" id=\"avia_1_1\" value=\"\" \/><\/p><p class='  first_form  form_element form_fullwidth' id='element_avia_2_1'><label for=\"avia_2_1\">Phone <abbr class=\"required\" title=\"required\">*<\/abbr><\/label> <input name=\"avia_2_1\" class=\"text_input is_phone\" type=\"text\" id=\"avia_2_1\" value=\"\" \/><\/p><p class='  first_form  form_element form_fullwidth' id='element_avia_3_1'><label for=\"avia_3_1\">Email <abbr class=\"required\" title=\"required\">*<\/abbr><\/label> <input name=\"avia_3_1\" class=\"text_input is_email\" type=\"text\" id=\"avia_3_1\" value=\"\" \/><\/p><p class='  first_form  form_element form_fullwidth' id='element_avia_4_1'><label for=\"avia_4_1\" class=\"textare_label hidden textare_label_avia_4_1\">Message <abbr class=\"required\" title=\"required\">*<\/abbr><\/label><textarea  name=\"avia_4_1\" class=\"text_area is_empty\" cols=\"40\" rows=\"7\" id=\"avia_4_1\" ><\/textarea><\/p><p class='  first_form  form_element form_element_half' id='element_avia_5_1'><label for=\"avia_5_1\">Arrival date<\/label> <input name=\"avia_5_1\" class=\"avia_datepicker text_input \" type=\"text\" id=\"avia_5_1\" value=\"\" placeholder=\"DD \/ MM \/ YY\" inputmode=\"none\" \/><\/p><p class='  form_element form_element_half' id='element_avia_6_1'><label for=\"avia_6_1\">Departure date<\/label> <input name=\"avia_6_1\" class=\"avia_datepicker text_input \" type=\"text\" id=\"avia_6_1\" value=\"\" placeholder=\"DD \/ MM \/ YY\" inputmode=\"none\" \/><\/p><p class='  first_form  form_element form_fullwidth' id='element_avia_7_1'><label for=\"avia_7_1\">Which accommodation do you wish to rent (Standard, Deluxe or VIP houseboat; cabin)?<\/label> <input name=\"avia_7_1\" class=\"text_input \" type=\"text\" id=\"avia_7_1\" value=\"\" \/><\/p><p class='  first_form  form_element form_fullwidth' id='element_avia_8_1'><label for=\"avia_8_1\">How many adults are in your group?<\/label> <input name=\"avia_8_1\" class=\"text_input \" type=\"text\" id=\"avia_8_1\" value=\"\" \/><\/p><p class='  first_form  form_element form_fullwidth' id='element_avia_9_1'><label for=\"avia_9_1\">How many children are in your group?<\/label> <input name=\"avia_9_1\" class=\"text_input \" type=\"text\" id=\"avia_9_1\" value=\"\" \/><\/p><p class='  first_form  form_element form_fullwidth' id='element_avia_10_1'><label for=\"avia_10_1\">Do you have any other request or specifications for us?<\/label> <input name=\"avia_10_1\" class=\"text_input \" type=\"text\" id=\"avia_10_1\" value=\"\" \/><\/p><p class='  first_form  form_element form_fullwidth' id='element_avia_11_1'><label for=\"avia_11_1\">Where did you hear about us (from another client, Internet, Facebook, trade show, etc.)?<\/label> <input name=\"avia_11_1\" class=\"text_input \" type=\"text\" id=\"avia_11_1\" value=\"\" \/><\/p><p class=\"hidden\"><input type=\"text\" name=\"avia_12_1\" class=\"hidden \" id=\"avia_12_1\" value=\"\" \/><\/p><p class='   form_element form_fullwidth' id='element_avia_13_1'><span class='value_verifier_label'>3 + 0 = ?<\/span><input name=\"avia_13_1_verifier\" type=\"hidden\" id=\"avia_13_1_verifier\" value=\"138417471\"\/><label for=\"avia_13_1\">Please prove that you are human by solving the equation <abbr class=\"required\" title=\"required\">*<\/abbr><\/label><input name=\"avia_13_1\" class=\"text_input captcha\" type=\"text\" id=\"avia_13_1\" value=\"\"\/><\/p><p class=\"form_element \"><input type=\"hidden\" value=\"1\" name=\"avia_generated_form1\" \/><input type=\"submit\" value=\"Submit\" class=\"button\"  data-sending-label=\"Sending\"\/><\/p><\/fieldset><\/form><div id=\"ajaxresponse_1\" class=\"ajaxresponse ajaxresponse_1 hidden\"><\/div><\/div>\n<div  class='flex_column av-246cmf-d7efe0a62ac3d808e5b6d8f266396224 av_one_third  avia-builder-el-3  el_after_av_two_third  el_before_av_section  avia-builder-el-last  flex_column_div  '     ><section  class='av_textblock_section av-1xkp2f-15a9805b3d2b0de931fbc39895d413f5 '   itemscope=\"itemscope\" itemtype=\"https:\/\/schema.org\/CreativeWork\" ><div class='avia_textblock'  itemprop=\"text\" ><h3>Pourvoirie Rivi\u00e8re la Galette inc.<\/h3>\n<p><strong>Administrative office:<\/strong><br \/>\n473B Saint-Ren\u00e9 Boulevard East,<br \/>\noffice 13, Gatineau (Quebec) J8R 8A5<\/p>\n<p><strong>Location of the outfitter:<\/strong><br \/>\nLatitude : 48.274710284575<br \/>\nLongitude : -74.46162818512<\/p>\n<h3>Reservations<\/h3>\n<p>1 866 975-5658 (Canada)<br \/>\n1 514 554-0836 (USA &amp; Canada)<\/p>\n<p><a href=\"mailto:info@pourvoirielagalette.ca\">info@pourvoirielagalette.ca<\/a><\/p>\n<h3>Follow us on<\/h3>\n\n<style type=\"text\/css\" data-created_by=\"avia_inline_auto\" id=\"style-css-av-f2hen-0c224e2fc9387e9ac37f1adfc8b50f72\">\n.av_font_icon.av-f2hen-0c224e2fc9387e9ac37f1adfc8b50f72 .av-icon-char{\nfont-size:40px;\nline-height:40px;\n}\n<\/style>\n<span  class='av_font_icon av-f2hen-0c224e2fc9387e9ac37f1adfc8b50f72 avia_animate_when_visible av-icon-style- avia-icon-pos-left av-no-color avia-icon-animate'><a href='https:\/\/www.facebook.com\/Pourvoirie-Rivi%C3%A8re-La-Galette-154575717912481\/' target=\"_blank\" rel=\"noopener noreferrer\" class='av-icon-char' aria-hidden='false' data-av_icon='\ue8f5' data-av_iconfont='entypo-fontello'><\/a><\/span>\n<\/div><\/section><\/div><\/div><\/div><\/div><!-- close content main div --><\/div><\/div><div id='av_section_1'  class='avia-section av-1tfwl3-767cdadd522277ce0970d758e67a4abd main_color avia-section-default avia-no-shadow  avia-builder-el-6  el_after_av_one_third  avia-builder-el-last  avia-bg-style-scroll container_wrap sidebar_left'  ><div class='container av-section-cont-open' ><div class='template-page content  av-content-small units'><div class='post-entry post-entry-type-page post-entry-1548'><div class='entry-content-wrapper clearfix'>\n<section  class='av_textblock_section av-1jv9y7-8967645f6a52f7329f8866568c0870ff '   itemscope=\"itemscope\" itemtype=\"https:\/\/schema.org\/CreativeWork\" ><div class='avia_textblock'  itemprop=\"text\" ><h2 style=\"text-align: center;\">Our partners<\/h2>\n<p style=\"text-align: center;\">Visit our partners\u2019 sites by clicking on their logo.<\/p>\n<\/div><\/section>\n<div  class='avia-logo-element-container av-1fa69z-b57e0cab6a55c6a954a843f7e301cff2 av-border-deactivate avia-logo-slider avia-content-slider avia-smallarrow-slider avia-content-slider-active noHover avia-content-slider-odd  avia-builder-el-8  el_after_av_textblock  avia-builder-el-last  av-slideshow-ui av-control-default av-nav-arrows-visible av-nav-dots-visible av-hide-nav-arrows av-slideshow-autoplay av-loop-endless av-loop-manual-endless avia-content-slider1' data-slideshow-options=\"{&quot;animation&quot;:&quot;slide&quot;,&quot;autoplay&quot;:true,&quot;loop_autoplay&quot;:&quot;endless&quot;,&quot;interval&quot;:100,&quot;loop_manual&quot;:&quot;manual-endless&quot;,&quot;autoplay_stopper&quot;:false,&quot;noNavigation&quot;:false,&quot;bg_slider&quot;:false,&quot;keep_padding&quot;:&quot;&quot;,&quot;hoverpause&quot;:false,&quot;show_slide_delay&quot;:0}\"><div class='avia-smallarrow-slider-heading  no-logo-slider-heading '><div class='new-special-heading'>&nbsp;<\/div><\/div><div class=\"avia-content-slider-inner\"><div class=\"slide-entry-wrap\"><div data-avia-tooltip=\"AFC Gouin\" class='slide-entry av-198cgf-a09a9f1a16f601bec41a116245f6e9f2 flex_column no_margin av_one_seventh real-thumbnail post-entry slide-entry-overview slide-loop-1 slide-parity-odd  first'><a href=\"http:\/\/www.afcgouin.ca\" data-rel='slide-1' class='slide-image' title='' target=\"_blank\" rel=\"noopener noreferrer\"><img width=\"85\" height=\"81\" src=\"https:\/\/pourvoirielagalette.ca\/wp-content\/uploads\/Logo_AFC_Gouin_site_Web_2.png\" class=\"wp-image-1722 avia-img-lazy-loading-1722 attachment-no scaling size-no scaling\" alt=\"Logo Chassomaniak\" decoding=\"async\" loading=\"lazy\" \/><\/a><\/div><div data-avia-tooltip=\"Airmedic\" class='slide-entry av-1406jb-495d41aff054f018bf25f8aec7f8c538 flex_column no_margin av_one_seventh real-thumbnail post-entry slide-entry-overview slide-loop-2 slide-parity-even  '><a href=\"https:\/\/www.airmedic.net\/\" data-rel='slide-1' class='slide-image' title='' target=\"_blank\" rel=\"noopener noreferrer\"><img width=\"132\" height=\"72\" src=\"https:\/\/pourvoirielagalette.ca\/wp-content\/uploads\/2014\/12\/logo_airmedic.jpg\" class=\"wp-image-1725 avia-img-lazy-loading-1725 attachment-no scaling size-no scaling\" alt=\"Air Medic\" decoding=\"async\" loading=\"lazy\" \/><\/a><\/div><div data-avia-tooltip=\"Association des pourvoiries de la Mauricie\" class='slide-entry av-z6qpj-93fb5fb5e6075188487f571bc330fccd flex_column no_margin av_one_seventh real-thumbnail post-entry slide-entry-overview slide-loop-3 slide-parity-odd  '><a href=\"http:\/\/www.naturemauricie.com\/\" data-rel='slide-1' class='slide-image' title='' target=\"_blank\" rel=\"noopener noreferrer\"><img width=\"133\" height=\"72\" src=\"https:\/\/pourvoirielagalette.ca\/wp-content\/uploads\/2014\/12\/logo_APM.jpg\" class=\"wp-image-1747 avia-img-lazy-loading-1747 attachment-no scaling size-no scaling\" alt=\"Association des pourvoiries de la Mauricie\" decoding=\"async\" loading=\"lazy\" \/><\/a><\/div><div data-avia-tooltip=\"F\u00e9d\u00e9ration des pourvoiries du Qu\u00e9bec\" class='slide-entry av-pew1j-b38c8fbc09adccd010242c7c95329cc1 flex_column no_margin av_one_seventh real-thumbnail post-entry slide-entry-overview slide-loop-4 slide-parity-even  '><a href=\"http:\/\/www.fpq.com\" data-rel='slide-1' class='slide-image' title='' target=\"_blank\" rel=\"noopener noreferrer\"><img width=\"130\" height=\"94\" src=\"https:\/\/pourvoirielagalette.ca\/wp-content\/uploads\/logo_FPQ.jpg\" class=\"wp-image-1724 avia-img-lazy-loading-1724 attachment-no scaling size-no scaling\" alt=\"F\u00e9d\u00e9ration de pourvoiries du Qu\u00e9bec\" decoding=\"async\" loading=\"lazy\" \/><\/a><\/div><div data-avia-tooltip=\"Les pourvoiries du Qu\u00e9bec\" class='slide-entry av-me5ov-7692d3bea1ccb5e9ce6c89d1f2f4f0af flex_column no_margin av_one_seventh real-thumbnail post-entry slide-entry-overview slide-loop-5 slide-parity-odd  '><a href=\"http:\/\/www.pourvoiries.com\/\" data-rel='slide-1' class='slide-image' title='' target=\"_blank\" rel=\"noopener noreferrer\"><img width=\"129\" height=\"72\" src=\"https:\/\/pourvoirielagalette.ca\/wp-content\/uploads\/2014\/12\/logo_PQ.jpg\" class=\"wp-image-1759 avia-img-lazy-loading-1759 attachment-no scaling size-no scaling\" alt=\"Les pourvoiries du Qu\u00e9bec\" decoding=\"async\" loading=\"lazy\" \/><\/a><\/div><div data-avia-tooltip=\"Mercury\" class='slide-entry av-1cqpr-e9d57390374f39bd78aabf1767645ed8 flex_column no_margin av_one_seventh real-thumbnail post-entry slide-entry-overview slide-loop-6 slide-parity-even  '><a href=\"https:\/\/www.mercurymarine.com\/\" data-rel='slide-1' class='slide-image' title='' target=\"_blank\" rel=\"noopener noreferrer\"><img width=\"139\" height=\"72\" src=\"https:\/\/pourvoirielagalette.ca\/wp-content\/uploads\/2014\/12\/logo_mercury.jpg\" class=\"wp-image-1726 avia-img-lazy-loading-1726 attachment-no scaling size-no scaling\" alt=\"Mercury\" decoding=\"async\" loading=\"lazy\" \/><\/a><\/div><div data-avia-tooltip=\"SOPFEU\" class='slide-entry av-ad4yf-5e08959b455bbdf63de0f6c1e1e741c0 flex_column no_margin av_one_seventh real-thumbnail post-entry slide-entry-overview slide-loop-7 slide-parity-odd post-entry-last '><a href=\"http:\/\/www.sopfeu.qc.ca\/\" data-rel='slide-1' class='slide-image' title='' target=\"_blank\" rel=\"noopener noreferrer\"><img width=\"93\" height=\"72\" src=\"https:\/\/pourvoirielagalette.ca\/wp-content\/uploads\/2014\/12\/logo_sopfeu.jpg\" class=\"wp-image-1758 avia-img-lazy-loading-1758 attachment-no scaling size-no scaling\" alt=\"Sopfeu\" decoding=\"async\" loading=\"lazy\" \/><\/a><\/div><\/div><\/div><\/div>\n<\/div><\/div><\/div><!-- close content main div --><\/div><\/div><div id='after_section_1'  class='main_color av_default_container_wrap container_wrap sidebar_left'  ><div class='container av-section-cont-open' ><div class='template-page content  av-content-small units'><div class='post-entry post-entry-type-page post-entry-1548'><div class='entry-content-wrapper clearfix'><\/p>\n","protected":false},"excerpt":{"rendered":"","protected":false},"author":5,"featured_media":0,"parent":0,"menu_order":0,"comment_status":"open","ping_status":"open","template":"","meta":[],"_links":{"self":[{"href":"https:\/\/pourvoirielagalette.ca\/en\/wp-json\/wp\/v2\/pages\/1548"}],"collection":[{"href":"https:\/\/pourvoirielagalette.ca\/en\/wp-json\/wp\/v2\/pages"}],"about":[{"href":"https:\/\/pourvoirielagalette.ca\/en\/wp-json\/wp\/v2\/types\/page"}],"author":[{"embeddable":true,"href":"https:\/\/pourvoirielagalette.ca\/en\/wp-json\/wp\/v2\/users\/5"}],"replies":[{"embeddable":true,"href":"https:\/\/pourvoirielagalette.ca\/en\/wp-json\/wp\/v2\/comments?post=1548"}],"version-history":[{"count":8,"href":"https:\/\/pourvoirielagalette.ca\/en\/wp-json\/wp\/v2\/pages\/1548\/revisions"}],"predecessor-version":[{"id":2248,"href":"https:\/\/pourvoirielagalette.ca\/en\/wp-json\/wp\/v2\/pages\/1548\/revisions\/2248"}],"wp:attachment":[{"href":"https:\/\/pourvoirielagalette.ca\/en\/wp-json\/wp\/v2\/media?parent=1548"}],"curies":[{"name":"wp","href":"https:\/\/api.w.org\/{rel}","templated":true}]}}