{"id":1537,"date":"2021-01-29T14:10:22","date_gmt":"2021-01-29T19:10:22","guid":{"rendered":"https:\/\/pourvoirielagalette.ca\/information\/"},"modified":"2023-10-05T13:35:22","modified_gmt":"2023-10-05T17:35:22","slug":"information","status":"publish","type":"page","link":"https:\/\/pourvoirielagalette.ca\/en\/information\/","title":{"rendered":"Information"},"content":{"rendered":"\n<style type=\"text\/css\" data-created_by=\"avia_inline_auto\" id=\"style-css-av-1hx98-c0848ad0af1b8b194cebb730f3ad3186\">\n#top .av-special-heading.av-1hx98-c0848ad0af1b8b194cebb730f3ad3186{\npadding-bottom:5px;\n}\nbody .av-special-heading.av-1hx98-c0848ad0af1b8b194cebb730f3ad3186 .av-special-heading-tag .heading-char{\nfont-size:25px;\n}\n.av-special-heading.av-1hx98-c0848ad0af1b8b194cebb730f3ad3186 .av-subheading{\nfont-size:15px;\n}\n<\/style>\n<div  class='av-special-heading av-1hx98-c0848ad0af1b8b194cebb730f3ad3186 av-special-heading-h1  avia-builder-el-0  el_before_av_one_half  avia-builder-el-first '><h1 class='av-special-heading-tag '  itemprop=\"headline\"  >Information<\/h1><div class=\"special-heading-border\"><div class=\"special-heading-inner-border\"><\/div><\/div><\/div>\n<div  class='flex_column av-317yto-f92340a455fa750812283e69895fb50c av_one_half  avia-builder-el-1  el_after_av_heading  el_before_av_one_half  first flex_column_div  '     ><style type=\"text\/css\" data-created_by=\"avia_inline_auto\" id=\"style-css-av-2sjmzw-0ff3b79f61cf2e9c482a9a5c8d4b0b15\">\n.avia-image-container.av-2sjmzw-0ff3b79f61cf2e9c482a9a5c8d4b0b15 img.avia_image{\nbox-shadow:none;\n}\n.avia-image-container.av-2sjmzw-0ff3b79f61cf2e9c482a9a5c8d4b0b15 .av-image-caption-overlay-center{\ncolor:#ffffff;\n}\n<\/style>\n<div  class='avia-image-container av-2sjmzw-0ff3b79f61cf2e9c482a9a5c8d4b0b15 av-styling- avia-align-left  avia-builder-el-2  avia-builder-el-no-sibling '   itemprop=\"image\" itemscope=\"itemscope\" itemtype=\"https:\/\/schema.org\/ImageObject\" ><div class=\"avia-image-container-inner\"><div class=\"avia-image-overlay-wrap\"><img decoding=\"async\" class='wp-image-1976 avia-img-lazy-loading-not-1976 avia_image ' src=\"https:\/\/pourvoirielagalette.ca\/wp-content\/uploads\/comment_se_rendre.jpg\" alt='' title='comment_se_rendre'  height=\"457\" width=\"600\"  itemprop=\"thumbnailUrl\" srcset=\"https:\/\/pourvoirielagalette.ca\/wp-content\/uploads\/comment_se_rendre.jpg 600w, https:\/\/pourvoirielagalette.ca\/wp-content\/uploads\/comment_se_rendre-300x229.jpg 300w, https:\/\/pourvoirielagalette.ca\/wp-content\/uploads\/comment_se_rendre-450x343.jpg 450w\" sizes=\"(max-width: 600px) 100vw, 600px\" \/><\/div><\/div><\/div><\/div>\n<div  class='flex_column av-2juqc4-56d795946f72a7a2de36dbe4dcb6fb7f av_one_half  avia-builder-el-3  el_after_av_one_half  el_before_av_one_third  flex_column_div  '     ><section  class='av_textblock_section av-2eh578-b2463a02d091d8530e43eed761e504c3 '   itemscope=\"itemscope\" itemtype=\"https:\/\/schema.org\/CreativeWork\" ><div class='avia_textblock'  itemprop=\"text\" ><h3>Getting there<\/h3>\n<p><strong>From Montreal (530 km)<\/strong><br \/>\nTake Autoroute 15 North, which will then become Route 117 North. Continue to Lac-Saguay. Continue another 12 km past Lac-Saguay, and then turn right toward Chute-Saint-Phillipe (Route 311) and follow signs for Mont-Saint-Michel. From Mont-Saint-Michel, follow signs for Parent. When you reach the intersection with a corner store in Parent, continue straight (toward Gouin dam) until kilometre 53. Turn left at the sign for Pourvoirie Rivi\u00e8re La Galette and continue 3.5 km.<\/p>\n<p><strong>From Quebec City via La Tuque (500 km)<\/strong><br \/>\nTake Route 155 to La Tuque. Head toward Wemontachi\/Parent or take Route 25 for 177 km (CB radio channel\u00a010). At the end of Route 25, turn right and take Route 13 toward Gouin dam for 41 km. At kilometre 53, turn left at the sign for Pourvoirie Rivi\u00e8re La Galette and continue 3.5 km.<\/p>\n<p><strong>From Gatineau\/Ottawa (420 km)<\/strong><br \/>\nTake Route 309 North to Mont-Laurier. Continue straight at the traffic circle to stay on Route 306 North until Mont-Saint-Michel. From Mont-Saint-Michel, follow signs for Parent. When you reach the intersection with a corner store in Parent, continue straight (toward Gouin dam) until kilometre 53. Turn left at the sign for Pourvoirie Rivi\u00e8re La Galette and continue 3.5 km.<\/p>\n<p><strong>IMPORTANT:<\/strong><br \/>\nDo not use GPS on the gravel roads as you are likely to be misdirected.\u00a0Please follow the directions we have provided.<\/p>\n<p>Download the directions: <a href=\"https:\/\/pourvoirielagalette.ca\/wp-content\/uploads\/COMMENT_SY_RENDRE.pdf\" target=\"_blank\" rel=\"noopener\">COMMENT_SY_RENDRE<\/a>\u00a0[in French only]<\/p>\n<\/div><\/section><\/div>\n<div class='flex_column_table av-23out0-6aca88830f44444104ca56e020f2bdb2 sc-av_one_third av-equal-height-column-flextable'>\n<style type=\"text\/css\" data-created_by=\"avia_inline_auto\" id=\"style-css-av-23out0-6aca88830f44444104ca56e020f2bdb2\">\n.flex_column.av-23out0-6aca88830f44444104ca56e020f2bdb2{\nborder-radius:0px 0px 0px 0px;\npadding:30px 30px 30px 30px;\nbackground-color:#f4f4f4;\n}\n<\/style>\n<div  id=\"inforow\"  class='flex_column av-23out0-6aca88830f44444104ca56e020f2bdb2 av_one_third  avia-builder-el-5  el_after_av_one_half  el_before_av_one_third  first flex_column_table_cell av-equal-height-column av-align-top  column-top-margin'     ><section  class='av_textblock_section av-1xwy8k-4ae0333a1ad7a42e9d5b05173610e1cc '   itemscope=\"itemscope\" itemtype=\"https:\/\/schema.org\/CreativeWork\" ><div class='avia_textblock'  itemprop=\"text\" ><h3>Refund\/cancellation policy<\/h3>\n<p>Deposits cannot be refunded. Excursions can be postponed to later in the season or to the next year.<\/p>\n<\/div><\/section><\/div>\n<div class='av-flex-placeholder'><\/div>\n<style type=\"text\/css\" data-created_by=\"avia_inline_auto\" id=\"style-css-av-23out0-22-fa66c5308f127ff9e8a9c347611827b5\">\n.flex_column.av-23out0-22-fa66c5308f127ff9e8a9c347611827b5{\nborder-radius:0px 0px 0px 0px;\npadding:30px 30px 30px 30px;\nbackground-color:#f4f4f4;\n}\n<\/style>\n<div  class='flex_column av-23out0-22-fa66c5308f127ff9e8a9c347611827b5 av_one_third  avia-builder-el-7  el_after_av_one_third  el_before_av_one_third  flex_column_table_cell av-equal-height-column av-align-top  column-top-margin'     ><section  class='av_textblock_section av-1xwy8k-21-8d5a4609aba742541befce401e64d7bb '   itemscope=\"itemscope\" itemtype=\"https:\/\/schema.org\/CreativeWork\" ><div class='avia_textblock'  itemprop=\"text\" ><h3>CB radio<\/h3>\n<p>For your safety, we recommend that you obtain a CB radio to ensure that you can stay in touch and announce your presence on the road (channel 10). Cell reception is limited and your phone will not have service once you\u2019re outside of urban areas.<\/p>\n<\/div><\/section><\/div>\n<div class='av-flex-placeholder'><\/div>\n<style type=\"text\/css\" data-created_by=\"avia_inline_auto\" id=\"style-css-av-23out0-20-3196aa4a31f5afbae62158cdd6931ba2\">\n.flex_column.av-23out0-20-3196aa4a31f5afbae62158cdd6931ba2{\nborder-radius:0px 0px 0px 0px;\npadding:30px 30px 30px 30px;\nbackground-color:#f4f4f4;\n}\n<\/style>\n<div  class='flex_column av-23out0-20-3196aa4a31f5afbae62158cdd6931ba2 av_one_third  avia-builder-el-9  el_after_av_one_third  el_before_av_one_third  flex_column_table_cell av-equal-height-column av-align-top  column-top-margin'     ><section  class='av_textblock_section av-1xwy8k-19-94a2b100d1ead8c2b13d33713eb7a0cd '   itemscope=\"itemscope\" itemtype=\"https:\/\/schema.org\/CreativeWork\" ><div class='avia_textblock'  itemprop=\"text\" ><h3>Helico Secours<\/h3>\n<p>All of our customers have Helico Secours insurance. Helico Secours offers emergency medical rescue by helicopter. With operational bases and dynamic deployment (Saint-Hubert, Beloeil, Mont-Tremblant, Sherbrooke, Quebec City, Saint-Honor\u00e9 [Saguenay], Chibougamau, Radisson, Sept-\u00celes, Val-d\u2019Or and Manouanis), Helico Secours is equipped to provide a quick response anywhere in Quebec.<\/p>\n<p><a href=\"https:\/\/www.helicosecours.ca\/\" target=\"_blank\" rel=\"noopener\">Click here for more information<\/a><\/p>\n<\/div><\/section><\/div><\/div><!--close column table wrapper. Autoclose: 1 -->\n<div class='flex_column_table av-23out0-18-8a96f941d9cb6ff960d8ff5251a92671 sc-av_one_third av-equal-height-column-flextable'>\n<style type=\"text\/css\" data-created_by=\"avia_inline_auto\" id=\"style-css-av-23out0-18-8a96f941d9cb6ff960d8ff5251a92671\">\n.flex_column.av-23out0-18-8a96f941d9cb6ff960d8ff5251a92671{\nborder-radius:0px 0px 0px 0px;\npadding:30px 30px 30px 30px;\nbackground-color:#f4f4f4;\n}\n<\/style>\n<div  id=\"inforow\"  class='flex_column av-23out0-18-8a96f941d9cb6ff960d8ff5251a92671 av_one_third  avia-builder-el-11  el_after_av_one_third  el_before_av_one_third  first flex_column_table_cell av-equal-height-column av-align-top  column-top-margin'     ><section  class='av_textblock_section av-1xwy8k-17-c5c3ff5bad0a9e3b2ef6380ea93342a9 '   itemscope=\"itemscope\" itemtype=\"https:\/\/schema.org\/CreativeWork\" ><div class='avia_textblock'  itemprop=\"text\" ><h3>AFC Gouin regulations<\/h3>\n<p>Refer to the AFC Gouin website to know the regulations in effect for catch and possession limits, size range and the fishing season.<\/p>\n<p><a href=\"http:\/\/www.afcgouin.ca\/autorisation-de-peche\/\">www.afcgouin.ca<\/a><\/p>\n<\/div><\/section><\/div>\n<div class='av-flex-placeholder'><\/div>\n<style type=\"text\/css\" data-created_by=\"avia_inline_auto\" id=\"style-css-av-23out0-16-4e0db101bb0a8154524836ae2cd725b2\">\n.flex_column.av-23out0-16-4e0db101bb0a8154524836ae2cd725b2{\nborder-radius:0px 0px 0px 0px;\npadding:30px 30px 30px 30px;\nbackground-color:#f4f4f4;\n}\n<\/style>\n<div  class='flex_column av-23out0-16-4e0db101bb0a8154524836ae2cd725b2 av_one_third  avia-builder-el-13  el_after_av_one_third  el_before_av_one_third  flex_column_table_cell av-equal-height-column av-align-top  column-top-margin'     ><section  class='av_textblock_section av-1xwy8k-15-a08fd5e006492eb20124df68e4c9c656 '   itemscope=\"itemscope\" itemtype=\"https:\/\/schema.org\/CreativeWork\" ><div class='avia_textblock'  itemprop=\"text\" ><h3>Check-in \/ check-out time<\/h3>\n<p>Every weekday:<br \/>\nNoon to 1 p.m. \/ 9 a.m.<\/p>\n<\/div><\/section><\/div>\n<div class='av-flex-placeholder'><\/div>\n<style type=\"text\/css\" data-created_by=\"avia_inline_auto\" id=\"style-css-av-23out0-14-a44cce26888da45dcf5587febb0d0660\">\n.flex_column.av-23out0-14-a44cce26888da45dcf5587febb0d0660{\nborder-radius:0px 0px 0px 0px;\npadding:30px 30px 30px 30px;\nbackground-color:#f4f4f4;\n}\n<\/style>\n<div  class='flex_column av-23out0-14-a44cce26888da45dcf5587febb0d0660 av_one_third  avia-builder-el-15  el_after_av_one_third  el_before_av_one_third  flex_column_table_cell av-equal-height-column av-align-top  column-top-margin'     ><section  class='av_textblock_section av-1xwy8k-13-6cd55c164242d15a699a9d4024b35d4a '   itemscope=\"itemscope\" itemtype=\"https:\/\/schema.org\/CreativeWork\" ><div class='avia_textblock'  itemprop=\"text\" ><h3>What to bring<\/h3>\n<p>Pets are allowed!<br \/>\nDownload the complete list: <a href=\"https:\/\/pourvoirielagalette.ca\/wp-content\/uploads\/QUOI_APPORTER.pdf\" target=\"_blank\" rel=\"noopener\">QUOI_APPORTER<\/a> [in French only]<\/p>\n<\/div><\/section><\/div><\/div><!--close column table wrapper. Autoclose: 1 -->\n<div class='flex_column_table av-23out0-12-71b936608e772e13b241d99459a5c038 sc-av_one_third av-equal-height-column-flextable'>\n<style type=\"text\/css\" data-created_by=\"avia_inline_auto\" id=\"style-css-av-23out0-12-71b936608e772e13b241d99459a5c038\">\n.flex_column.av-23out0-12-71b936608e772e13b241d99459a5c038{\nborder-radius:0px 0px 0px 0px;\npadding:30px 30px 30px 30px;\nbackground-color:#f4f4f4;\n}\n<\/style>\n<div  class='flex_column av-23out0-12-71b936608e772e13b241d99459a5c038 av_one_third  avia-builder-el-17  el_after_av_one_third  el_before_av_section  avia-builder-el-last  first flex_column_table_cell av-equal-height-column av-align-top  column-top-margin'     ><section  class='av_textblock_section av-1xwy8k-11-2241319c185e1cc9622b81919e7e6dd4 '   itemscope=\"itemscope\" itemtype=\"https:\/\/schema.org\/CreativeWork\" ><div class='avia_textblock'  itemprop=\"text\" ><h3>Available at Pourvoirie La Galette<\/h3>\n<p>\u2022 Ice<br \/>\n\u2022 Gas<br \/>\n\u2022 Fishing equipment<br \/>\n\u2022 Access fees<br \/>\n\u2022 Fishing and hunting permits<br \/>\n\u2022 Bait<br \/>\n\u2022 Gouin Reservoir map<br \/>\n\u2022 Portable SONAR<br \/>\n\u2022 Guide services<\/p>\n<\/div><\/section><\/div><\/div><!--close column table wrapper. Autoclose: 1 -->\n<\/div><\/div><\/div><!-- close content main div --><\/div><\/div><div id='av_section_1'  class='avia-section av-1p867g-ffd2aef9c092a0540787fc1af0fe262f main_color avia-section-default avia-no-shadow  avia-builder-el-19  el_after_av_one_third  avia-builder-el-last  avia-bg-style-scroll container_wrap sidebar_left'  ><div class='container av-section-cont-open' ><div class='template-page content  av-content-small units'><div class='post-entry post-entry-type-page post-entry-1537'><div class='entry-content-wrapper clearfix'>\n<section  class='av_textblock_section av-1klyes-e82b84a2ae8cb3fd03be9a7f55705b66 '   itemscope=\"itemscope\" itemtype=\"https:\/\/schema.org\/CreativeWork\" ><div class='avia_textblock'  itemprop=\"text\" ><h2 style=\"text-align: center;\">Our partners<\/h2>\n<p style=\"text-align: center;\">Visit our partners\u2019 sites by clicking on their logo.<\/p>\n<\/div><\/section>\n<div  class='avia-logo-element-container av-1er2l8-0f7974ff80d87c1318e63cafc8c34848 av-border-deactivate avia-logo-slider avia-content-slider avia-smallarrow-slider avia-content-slider-active noHover avia-content-slider-odd  avia-builder-el-21  el_after_av_textblock  avia-builder-el-last  av-slideshow-ui av-control-default av-nav-arrows-visible av-nav-dots-visible av-hide-nav-arrows av-slideshow-autoplay av-loop-endless av-loop-manual-endless avia-content-slider1' data-slideshow-options=\"{&quot;animation&quot;:&quot;slide&quot;,&quot;autoplay&quot;:true,&quot;loop_autoplay&quot;:&quot;endless&quot;,&quot;interval&quot;:100,&quot;loop_manual&quot;:&quot;manual-endless&quot;,&quot;autoplay_stopper&quot;:false,&quot;noNavigation&quot;:false,&quot;bg_slider&quot;:false,&quot;keep_padding&quot;:&quot;&quot;,&quot;hoverpause&quot;:false,&quot;show_slide_delay&quot;:0}\"><div class='avia-smallarrow-slider-heading  no-logo-slider-heading '><div class='new-special-heading'>&nbsp;<\/div><\/div><div class=\"avia-content-slider-inner\"><div class=\"slide-entry-wrap\"><div data-avia-tooltip=\"AFC Gouin\" class='slide-entry av-17kk9g-93d4ec67936e6b0b4b8de984594bb769 flex_column no_margin av_one_seventh real-thumbnail post-entry slide-entry-overview slide-loop-1 slide-parity-odd  first'><a href=\"http:\/\/www.afcgouin.ca\" data-rel='slide-1' class='slide-image' title='' target=\"_blank\" rel=\"noopener noreferrer\"><img width=\"85\" height=\"81\" src=\"https:\/\/pourvoirielagalette.ca\/wp-content\/uploads\/Logo_AFC_Gouin_site_Web_2.png\" class=\"wp-image-1722 avia-img-lazy-loading-1722 attachment-no scaling size-no scaling\" alt=\"Logo Chassomaniak\" decoding=\"async\" loading=\"lazy\" \/><\/a><\/div><div data-avia-tooltip=\"Airmedic\" class='slide-entry av-12tpss-af5d6c9b332bcf222e8a285e3d709f06 flex_column no_margin av_one_seventh real-thumbnail post-entry slide-entry-overview slide-loop-2 slide-parity-even  '><a href=\"https:\/\/www.airmedic.net\/\" data-rel='slide-1' class='slide-image' title='' target=\"_blank\" rel=\"noopener noreferrer\"><img width=\"132\" height=\"72\" src=\"https:\/\/pourvoirielagalette.ca\/wp-content\/uploads\/2014\/12\/logo_airmedic.jpg\" class=\"wp-image-1725 avia-img-lazy-loading-1725 attachment-no scaling size-no scaling\" alt=\"Air Medic\" decoding=\"async\" loading=\"lazy\" \/><\/a><\/div><div data-avia-tooltip=\"Association des pourvoiries de la Mauricie\" class='slide-entry av-vi2ac-0799a3e9d257cb760e662d019100ced6 flex_column no_margin av_one_seventh real-thumbnail post-entry slide-entry-overview slide-loop-3 slide-parity-odd  '><a href=\"http:\/\/www.naturemauricie.com\/\" data-rel='slide-1' class='slide-image' title='' target=\"_blank\" rel=\"noopener noreferrer\"><img width=\"133\" height=\"72\" src=\"https:\/\/pourvoirielagalette.ca\/wp-content\/uploads\/2014\/12\/logo_APM.jpg\" class=\"wp-image-1747 avia-img-lazy-loading-1747 attachment-no scaling size-no scaling\" alt=\"Association des pourvoiries de la Mauricie\" decoding=\"async\" loading=\"lazy\" \/><\/a><\/div><div data-avia-tooltip=\"F\u00e9d\u00e9ration des pourvoiries du Qu\u00e9bec\" class='slide-entry av-qqei4-7ee311f56520f86c1cc95efc1feba387 flex_column no_margin av_one_seventh real-thumbnail post-entry slide-entry-overview slide-loop-4 slide-parity-even  '><a href=\"http:\/\/www.fpq.com\" data-rel='slide-1' class='slide-image' title='' target=\"_blank\" rel=\"noopener noreferrer\"><img width=\"130\" height=\"94\" src=\"https:\/\/pourvoirielagalette.ca\/wp-content\/uploads\/logo_FPQ.jpg\" class=\"wp-image-1724 avia-img-lazy-loading-1724 attachment-no scaling size-no scaling\" alt=\"F\u00e9d\u00e9ration de pourvoiries du Qu\u00e9bec\" decoding=\"async\" loading=\"lazy\" \/><\/a><\/div><div data-avia-tooltip=\"Les pourvoiries du Qu\u00e9bec\" class='slide-entry av-lfeqc-ab1e845ac6ebfca537b0f7be52358041 flex_column no_margin av_one_seventh real-thumbnail post-entry slide-entry-overview slide-loop-5 slide-parity-odd  '><a href=\"http:\/\/www.pourvoiries.com\/\" data-rel='slide-1' class='slide-image' title='' target=\"_blank\" rel=\"noopener noreferrer\"><img width=\"129\" height=\"72\" src=\"https:\/\/pourvoirielagalette.ca\/wp-content\/uploads\/2014\/12\/logo_PQ.jpg\" class=\"wp-image-1759 avia-img-lazy-loading-1759 attachment-no scaling size-no scaling\" alt=\"Les pourvoiries du Qu\u00e9bec\" decoding=\"async\" loading=\"lazy\" \/><\/a><\/div><div data-avia-tooltip=\"Mercury\" class='slide-entry av-e9yzg-9dca903357dea887c3bab7769d7b0829 flex_column no_margin av_one_seventh real-thumbnail post-entry slide-entry-overview slide-loop-6 slide-parity-even  '><a href=\"https:\/\/www.mercurymarine.com\/\" data-rel='slide-1' class='slide-image' title='' target=\"_blank\" rel=\"noopener noreferrer\"><img width=\"139\" height=\"72\" src=\"https:\/\/pourvoirielagalette.ca\/wp-content\/uploads\/2014\/12\/logo_mercury.jpg\" class=\"wp-image-1726 avia-img-lazy-loading-1726 attachment-no scaling size-no scaling\" alt=\"Mercury\" decoding=\"async\" loading=\"lazy\" \/><\/a><\/div><div data-avia-tooltip=\"SOPFEU\" class='slide-entry av-7ft3o-9adab6aac904115d7a1a8fda4377ea8e flex_column no_margin av_one_seventh real-thumbnail post-entry slide-entry-overview slide-loop-7 slide-parity-odd post-entry-last '><a href=\"http:\/\/www.sopfeu.qc.ca\/\" data-rel='slide-1' class='slide-image' title='' target=\"_blank\" rel=\"noopener noreferrer\"><img width=\"93\" height=\"72\" src=\"https:\/\/pourvoirielagalette.ca\/wp-content\/uploads\/2014\/12\/logo_sopfeu.jpg\" class=\"wp-image-1758 avia-img-lazy-loading-1758 attachment-no scaling size-no scaling\" alt=\"Sopfeu\" decoding=\"async\" loading=\"lazy\" \/><\/a><\/div><\/div><\/div><\/div>\n<\/div><\/div><\/div><!-- close content main div --><\/div><\/div><div id='after_section_1'  class='main_color av_default_container_wrap container_wrap sidebar_left'  ><div class='container av-section-cont-open' ><div class='template-page content  av-content-small units'><div class='post-entry post-entry-type-page post-entry-1537'><div class='entry-content-wrapper clearfix'>\n","protected":false},"excerpt":{"rendered":"","protected":false},"author":5,"featured_media":0,"parent":0,"menu_order":0,"comment_status":"open","ping_status":"open","template":"","meta":[],"_links":{"self":[{"href":"https:\/\/pourvoirielagalette.ca\/en\/wp-json\/wp\/v2\/pages\/1537"}],"collection":[{"href":"https:\/\/pourvoirielagalette.ca\/en\/wp-json\/wp\/v2\/pages"}],"about":[{"href":"https:\/\/pourvoirielagalette.ca\/en\/wp-json\/wp\/v2\/types\/page"}],"author":[{"embeddable":true,"href":"https:\/\/pourvoirielagalette.ca\/en\/wp-json\/wp\/v2\/users\/5"}],"replies":[{"embeddable":true,"href":"https:\/\/pourvoirielagalette.ca\/en\/wp-json\/wp\/v2\/comments?post=1537"}],"version-history":[{"count":12,"href":"https:\/\/pourvoirielagalette.ca\/en\/wp-json\/wp\/v2\/pages\/1537\/revisions"}],"predecessor-version":[{"id":2238,"href":"https:\/\/pourvoirielagalette.ca\/en\/wp-json\/wp\/v2\/pages\/1537\/revisions\/2238"}],"wp:attachment":[{"href":"https:\/\/pourvoirielagalette.ca\/en\/wp-json\/wp\/v2\/media?parent=1537"}],"curies":[{"name":"wp","href":"https:\/\/api.w.org\/{rel}","templated":true}]}}