{"id":1507,"date":"2021-01-29T12:51:51","date_gmt":"2021-01-29T17:51:51","guid":{"rendered":"https:\/\/pourvoirielagalette.ca\/compare-houseboats\/"},"modified":"2024-10-14T10:24:04","modified_gmt":"2024-10-14T14:24:04","slug":"compare-houseboats","status":"publish","type":"page","link":"https:\/\/pourvoirielagalette.ca\/en\/compare-houseboats\/","title":{"rendered":"Compare houseboats"},"content":{"rendered":"\n<style type=\"text\/css\" data-created_by=\"avia_inline_auto\" id=\"style-css-av-h1jcp-23ce13c4d352dad9be9178be79af3cf8\">\n#top .av-special-heading.av-h1jcp-23ce13c4d352dad9be9178be79af3cf8{\npadding-bottom:10px;\n}\nbody .av-special-heading.av-h1jcp-23ce13c4d352dad9be9178be79af3cf8 .av-special-heading-tag .heading-char{\nfont-size:25px;\n}\n.av-special-heading.av-h1jcp-23ce13c4d352dad9be9178be79af3cf8 .av-subheading{\nfont-size:15px;\n}\n<\/style>\n<div  class='av-special-heading av-h1jcp-23ce13c4d352dad9be9178be79af3cf8 av-special-heading-h1  avia-builder-el-0  el_before_av_table  avia-builder-el-first '><h1 class='av-special-heading-tag '  itemprop=\"headline\"  >Compare houseboats<\/h1><div class=\"special-heading-border\"><div class=\"special-heading-inner-border\"><\/div><\/div><\/div>\n<div class='avia-data-table-wrap av-vpf8vt-84c61b34b85a3be445ce3641c5e3ae01 avia_responsive_table avia-table-1'><table  class='avia-table avia-data-table avia_pricing_default  avia-builder-el-1  el_after_av_heading  el_before_av_section  avia-builder-el-last '  itemscope=\"itemscope\" itemtype=\"https:\/\/schema.org\/Table\" ><tbody><tr class='avia-heading-row'><th class=''>Houseboats<\/th><th class='avia-center-col'>Standard<\/th><th class='avia-center-col'>Deluxe<\/th><th class='avia-center-col'>VIP<\/th><\/tr><tr class=''><td class=''>Float plane transportation<\/td><td class='avia-center-col'>($)<\/td><td class='avia-center-col'>($)<\/td><td class='avia-center-col'>included<\/td><\/tr><tr class=''><td class=''>Size<\/td><td class='avia-center-col'>18&#8242; x 48&#8242;<\/td><td class='avia-center-col'>20&#8242; x 55&#8242;<br \/>\n20&#8242; x 75&#8242;<\/td><td class='avia-center-col'>20&#8242; x 55&#8242;<\/td><\/tr><tr class=''><td class=''>Capacity<\/td><td class='avia-center-col'>6 to 8 people<\/td><td class='avia-center-col'>6 to 12 people<\/td><td class='avia-center-col'>4 to 8 people<\/td><\/tr><tr class=''><td class=''>Four-stroke Mercury motor<br \/>\nfor houseboat<\/td><td class='avia-center-col'>40 hp<\/td><td class='avia-center-col'>50 hp<\/td><td class='avia-center-col'>stationary<\/td><\/tr><tr class=''><td class=''>Rooms<\/td><td class='avia-center-col'>1 &#8211; 2<\/td><td class='avia-center-col'>4<\/td><td class='avia-center-col'>4<\/td><\/tr><tr class=''><td class=''>Twin beds<\/td><td class='avia-center-col'><\/td><td class='avia-center-col'>8 &#8211; 12<\/td><td class='avia-center-col'>8<\/td><\/tr><tr class=''><td class=''>Twin bunk beds<\/td><td class='avia-center-col'>2 &#8211; 4<\/td><td class='avia-center-col'>0 &#8211; 4<\/td><td class='avia-center-col'><\/td><\/tr><tr class=''><td class=''>Fully-equipped kitchen<\/td><td class='avia-center-col'>\u2714<\/td><td class='avia-center-col'>\u2714<\/td><td class='avia-center-col'>\u2714<\/td><\/tr><tr class=''><td class=''>Solar-powered refrigerator<\/td><td class='avia-center-col'>\u2714<\/td><td class='avia-center-col'>\u2714<\/td><td class='avia-center-col'>\u2714<\/td><\/tr><tr class=''><td class=''>Propane stove, BBQ<\/td><td class='avia-center-col'>\u2714<\/td><td class='avia-center-col'>\u2714<\/td><td class='avia-center-col'>\u2714<\/td><\/tr><tr class=''><td class=''>Solar-powered lighting<\/td><td class='avia-center-col'>\u2714<\/td><td class='avia-center-col'>\u2714<\/td><td class='avia-center-col'>\u2714<\/td><\/tr><tr class=''><td class=''>Toilet, shower, hot water<\/td><td class='avia-center-col'>\u2714<\/td><td class='avia-center-col'>\u2714<\/td><td class='avia-center-col'>\u2714<\/td><\/tr><tr class=''><td class=''>Freezer<\/td><td class='avia-center-col'>\u2714<\/td><td class='avia-center-col'>\u2714<\/td><td class='avia-center-col'>\u2714<\/td><\/tr><tr class=''><td class=''>Ice<\/td><td class='avia-center-col'>($)<\/td><td class='avia-center-col'>($)<\/td><td class='avia-center-col'>($)<\/td><\/tr><tr class=''><td class=''>Fishing boat<\/td><td class='avia-center-col'>14&#8242; or 16&#8242;<br \/>\n($ 29 \/ day)<\/td><td class='avia-center-col'>14&#8242; or 16&#8242;<br \/>\n($ 29 \/ day)<\/td><td class='avia-center-col'>included (4)<\/td><\/tr><tr class=''><td class=''>Four-stroke Mercury motor<br \/>\nfor fishing boat<\/td><td class='avia-center-col'>15 hp, 20 hp<br \/>\n($ 41\/day)<\/td><td class='avia-center-col'>15 hp, 20 hp<br \/>\n($ 41\/day)<\/td><td class='avia-center-col'>included (4)<\/td><\/tr><tr class=''><td class=''>Fishing boat anchor<\/td><td class='avia-center-col'>\u2714<\/td><td class='avia-center-col'>\u2714<\/td><td class='avia-center-col'>\u2714<\/td><\/tr><tr class=''><td class=''>Gas<\/td><td class='avia-center-col'>($)<\/td><td class='avia-center-col'>($)<\/td><td class='avia-center-col'>included<\/td><\/tr><tr class=''><td class=''>Fishing boat benches<\/td><td class='avia-center-col'>N\/A<\/td><td class='avia-center-col'>N\/A<\/td><td class='avia-center-col'>included<\/td><\/tr><tr class=''><td class=''>Fillet table with running water<\/td><td class='avia-center-col'>\u2714<\/td><td class='avia-center-col'>\u2714<\/td><td class='avia-center-col'>\u2714<\/td><\/tr><tr class=''><td class=''>Houseboat sonar, bathymetric chart<\/td><td class='avia-center-col'>\u2714<\/td><td class='avia-center-col'>\u2714<\/td><td class='avia-center-col'>\u2714<\/td><\/tr><tr class=''><td class=''>Radio communication with our base<\/td><td class='avia-center-col'>\u2714<\/td><td class='avia-center-col'>\u2714<\/td><td class='avia-center-col'>\u2714<\/td><\/tr><tr class=''><td class=''>First aid kit<\/td><td class='avia-center-col'>\u2714<\/td><td class='avia-center-col'>\u2714<\/td><td class='avia-center-col'>\u2714<\/td><\/tr><tr class=''><td class=''>Map of Gouin Reservoir<\/td><td class='avia-center-col'>\u2714<\/td><td class='avia-center-col'>\u2714<\/td><td class='avia-center-col'>\u2714<br \/>\n<\/td><\/tr><tr class=''><td class=''>Worms and leeches<\/td><td class='avia-center-col'>($)<\/td><td class='avia-center-col'>($)<\/td><td class='avia-center-col'>($)<\/td><\/tr><tr class=''><td class=''>Gouin Reservoir admission fees<\/td><td class='avia-center-col'>\u2714<\/td><td class='avia-center-col'>\u2714<\/td><td class='avia-center-col'>($ 8\/per person\/per day)<\/td><\/tr><tr class=''><td class=''>Frying pan and outdoor cooker<\/td><td class='avia-center-col'>N\/A<\/td><td class='avia-center-col'>N\/A<\/td><td class='avia-center-col'>included<\/td><\/tr><tr class=''><td class=''>Drinking water<\/td><td class='avia-center-col'>N\/A<\/td><td class='avia-center-col'>N\/A<\/td><td class='avia-center-col'>included<\/td><\/tr><tr class=''><td class=''>Nets and life jackets<\/td><td class='avia-center-col'>not included<\/td><td class='avia-center-col'>not included<\/td><td class='avia-center-col'>included<\/td><\/tr><tr class=''><td class=''>Bedding<\/td><td class='avia-center-col'>not included<\/td><td class='avia-center-col'>not included<\/td><td class='avia-center-col'>not included<\/td><\/tr><tr class=''><td class=''>Bait\/fishing equipment<\/td><td class='avia-center-col'>($)<\/td><td class='avia-center-col'>($)<\/td><td class='avia-center-col'>($)<\/td><\/tr><\/tbody><\/table><\/div><style type='text\/css'>.avia-table-1 td:nth-of-type(1):before { content: 'Houseboats'; } .avia-table-1 td:nth-of-type(2):before { content: 'Standard'; } .avia-table-1 td:nth-of-type(3):before { content: 'Deluxe'; } .avia-table-1 td:nth-of-type(4):before { content: 'VIP'; } <\/style>\n<\/div><\/div><\/div><!-- close content main div --><\/div><\/div><div id='av_section_1'  class='avia-section av-1qx789-f18bf7024b3c080237bc3c0af7e766ad main_color avia-section-default avia-no-shadow  avia-builder-el-2  el_after_av_table  avia-builder-el-last  avia-bg-style-scroll container_wrap sidebar_left'  ><div class='container av-section-cont-open' ><div class='template-page content  av-content-small units'><div class='post-entry post-entry-type-page post-entry-1507'><div class='entry-content-wrapper clearfix'>\n<section  class='av_textblock_section av-1jeosx-fa73b2788d39752e9ab87fc21383cbca '   itemscope=\"itemscope\" itemtype=\"https:\/\/schema.org\/CreativeWork\" ><div class='avia_textblock'  itemprop=\"text\" ><h2 style=\"text-align: center;\">Our partners<\/h2>\n<p style=\"text-align: center;\">Visit our partners\u2019 sites by clicking on their logo.<\/p>\n<\/div><\/section>\n<div  class='avia-logo-element-container av-1ecoc1-83d55c00ad8708c019069f0cbe1363e3 av-border-deactivate avia-logo-slider avia-content-slider avia-smallarrow-slider avia-content-slider-active noHover avia-content-slider-odd  avia-builder-el-4  el_after_av_textblock  avia-builder-el-last  av-slideshow-ui av-control-default av-nav-arrows-visible av-nav-dots-visible av-hide-nav-arrows av-slideshow-autoplay av-loop-endless av-loop-manual-endless avia-content-slider1' data-slideshow-options=\"{&quot;animation&quot;:&quot;slide&quot;,&quot;autoplay&quot;:true,&quot;loop_autoplay&quot;:&quot;endless&quot;,&quot;interval&quot;:100,&quot;loop_manual&quot;:&quot;manual-endless&quot;,&quot;autoplay_stopper&quot;:false,&quot;noNavigation&quot;:false,&quot;bg_slider&quot;:false,&quot;keep_padding&quot;:&quot;&quot;,&quot;hoverpause&quot;:false,&quot;show_slide_delay&quot;:0}\"><div class='avia-smallarrow-slider-heading  no-logo-slider-heading '><div class='new-special-heading'>&nbsp;<\/div><\/div><div class=\"avia-content-slider-inner\"><div class=\"slide-entry-wrap\"><div data-avia-tooltip=\"AFC Gouin\" class='slide-entry av-1956c1-6d9ffb8de8f71e92889333041f3ac850 flex_column no_margin av_one_seventh real-thumbnail post-entry slide-entry-overview slide-loop-1 slide-parity-odd  first'><a href=\"http:\/\/www.afcgouin.ca\" data-rel='slide-1' class='slide-image' title='' target=\"_blank\" rel=\"noopener noreferrer\"><img width=\"85\" height=\"81\" src=\"https:\/\/pourvoirielagalette.ca\/wp-content\/uploads\/Logo_AFC_Gouin_site_Web_2.png\" class=\"wp-image-1722 avia-img-lazy-loading-1722 attachment-no scaling size-no scaling\" alt=\"Logo Chassomaniak\" decoding=\"async\" loading=\"lazy\" \/><\/a><\/div><div data-avia-tooltip=\"Airmedic\" class='slide-entry av-14fohd-fe98d21fc84fde15082ad04890172fc1 flex_column no_margin av_one_seventh real-thumbnail post-entry slide-entry-overview slide-loop-2 slide-parity-even  '><a href=\"https:\/\/www.airmedic.net\/\" data-rel='slide-1' class='slide-image' title='' target=\"_blank\" rel=\"noopener noreferrer\"><img width=\"132\" height=\"72\" src=\"https:\/\/pourvoirielagalette.ca\/wp-content\/uploads\/2014\/12\/logo_airmedic.jpg\" class=\"wp-image-1725 avia-img-lazy-loading-1725 attachment-no scaling size-no scaling\" alt=\"Air Medic\" decoding=\"async\" loading=\"lazy\" \/><\/a><\/div><div data-avia-tooltip=\"Association des pourvoiries de la Mauricie\" class='slide-entry av-wr7jt-8983690cdc577db705e5248213968276 flex_column no_margin av_one_seventh real-thumbnail post-entry slide-entry-overview slide-loop-3 slide-parity-odd  '><a href=\"http:\/\/www.naturemauricie.com\/\" data-rel='slide-1' class='slide-image' title='' target=\"_blank\" rel=\"noopener noreferrer\"><img width=\"133\" height=\"72\" src=\"https:\/\/pourvoirielagalette.ca\/wp-content\/uploads\/2014\/12\/logo_APM.jpg\" class=\"wp-image-1747 avia-img-lazy-loading-1747 attachment-no scaling size-no scaling\" alt=\"Association des pourvoiries de la Mauricie\" decoding=\"async\" loading=\"lazy\" \/><\/a><\/div><div data-avia-tooltip=\"F\u00e9d\u00e9ration des pourvoiries du Qu\u00e9bec\" class='slide-entry av-orakx-e116c7adf356647c2a992f17d0c6de93 flex_column no_margin av_one_seventh real-thumbnail post-entry slide-entry-overview slide-loop-4 slide-parity-even  '><a href=\"http:\/\/www.fpq.com\" data-rel='slide-1' class='slide-image' title='' target=\"_blank\" rel=\"noopener noreferrer\"><img width=\"130\" height=\"94\" src=\"https:\/\/pourvoirielagalette.ca\/wp-content\/uploads\/logo_FPQ.jpg\" class=\"wp-image-1724 avia-img-lazy-loading-1724 attachment-no scaling size-no scaling\" alt=\"F\u00e9d\u00e9ration de pourvoiries du Qu\u00e9bec\" decoding=\"async\" loading=\"lazy\" \/><\/a><\/div><div data-avia-tooltip=\"Les pourvoiries du Qu\u00e9bec\" class='slide-entry av-lj4hd-6c8af70b84bcdc4f54efaad8c145647b flex_column no_margin av_one_seventh real-thumbnail post-entry slide-entry-overview slide-loop-5 slide-parity-odd  '><a href=\"http:\/\/www.pourvoiries.com\/\" data-rel='slide-1' class='slide-image' title='' target=\"_blank\" rel=\"noopener noreferrer\"><img width=\"129\" height=\"72\" src=\"https:\/\/pourvoirielagalette.ca\/wp-content\/uploads\/2014\/12\/logo_PQ.jpg\" class=\"wp-image-1759 avia-img-lazy-loading-1759 attachment-no scaling size-no scaling\" alt=\"Les pourvoiries du Qu\u00e9bec\" decoding=\"async\" loading=\"lazy\" \/><\/a><\/div><div data-avia-tooltip=\"Mercury\" class='slide-entry av-d1f2x-ad08d49b0b609b28516bf594aacdc68a flex_column no_margin av_one_seventh real-thumbnail post-entry slide-entry-overview slide-loop-6 slide-parity-even  '><a href=\"https:\/\/www.mercurymarine.com\/\" data-rel='slide-1' class='slide-image' title='' target=\"_blank\" rel=\"noopener noreferrer\"><img width=\"139\" height=\"72\" src=\"https:\/\/pourvoirielagalette.ca\/wp-content\/uploads\/2014\/12\/logo_mercury.jpg\" class=\"wp-image-1726 avia-img-lazy-loading-1726 attachment-no scaling size-no scaling\" alt=\"Mercury\" decoding=\"async\" loading=\"lazy\" \/><\/a><\/div><div data-avia-tooltip=\"SOPFEU\" class='slide-entry av-8qwkx-d6249d93765911318d68ad6a1d0c9cda flex_column no_margin av_one_seventh real-thumbnail post-entry slide-entry-overview slide-loop-7 slide-parity-odd post-entry-last '><a href=\"http:\/\/www.sopfeu.qc.ca\/\" data-rel='slide-1' class='slide-image' title='' target=\"_blank\" rel=\"noopener noreferrer\"><img width=\"93\" height=\"72\" src=\"https:\/\/pourvoirielagalette.ca\/wp-content\/uploads\/2014\/12\/logo_sopfeu.jpg\" class=\"wp-image-1758 avia-img-lazy-loading-1758 attachment-no scaling size-no scaling\" alt=\"Sopfeu\" decoding=\"async\" loading=\"lazy\" \/><\/a><\/div><\/div><\/div><\/div>\n<\/div><\/div><\/div><!-- close content main div --><\/div><\/div><div id='after_section_1'  class='main_color av_default_container_wrap container_wrap sidebar_left'  ><div class='container av-section-cont-open' ><div class='template-page content  av-content-small units'><div class='post-entry post-entry-type-page post-entry-1507'><div class='entry-content-wrapper clearfix'>\n","protected":false},"excerpt":{"rendered":"","protected":false},"author":5,"featured_media":0,"parent":0,"menu_order":0,"comment_status":"open","ping_status":"open","template":"","meta":[],"_links":{"self":[{"href":"https:\/\/pourvoirielagalette.ca\/en\/wp-json\/wp\/v2\/pages\/1507"}],"collection":[{"href":"https:\/\/pourvoirielagalette.ca\/en\/wp-json\/wp\/v2\/pages"}],"about":[{"href":"https:\/\/pourvoirielagalette.ca\/en\/wp-json\/wp\/v2\/types\/page"}],"author":[{"embeddable":true,"href":"https:\/\/pourvoirielagalette.ca\/en\/wp-json\/wp\/v2\/users\/5"}],"replies":[{"embeddable":true,"href":"https:\/\/pourvoirielagalette.ca\/en\/wp-json\/wp\/v2\/comments?post=1507"}],"version-history":[{"count":15,"href":"https:\/\/pourvoirielagalette.ca\/en\/wp-json\/wp\/v2\/pages\/1507\/revisions"}],"predecessor-version":[{"id":2296,"href":"https:\/\/pourvoirielagalette.ca\/en\/wp-json\/wp\/v2\/pages\/1507\/revisions\/2296"}],"wp:attachment":[{"href":"https:\/\/pourvoirielagalette.ca\/en\/wp-json\/wp\/v2\/media?parent=1507"}],"curies":[{"name":"wp","href":"https:\/\/api.w.org\/{rel}","templated":true}]}}