{"id":1447,"date":"2021-01-29T12:00:46","date_gmt":"2021-01-29T17:00:46","guid":{"rendered":"https:\/\/pourvoirielagalette.ca\/houseboats\/"},"modified":"2023-10-05T13:20:38","modified_gmt":"2023-10-05T17:20:38","slug":"houseboats","status":"publish","type":"page","link":"https:\/\/pourvoirielagalette.ca\/en\/houseboats\/","title":{"rendered":"Houseboats"},"content":{"rendered":"<div id='layer_slider_1'  class='avia-layerslider main_color avia-shadow  avia-builder-el-0  el_before_av_heading  avia-builder-el-first  container_wrap sidebar_left'  style='height: 491px; max-width: 1310px; margin: 0 auto;'  ><\/div><div id='after_layer_slider_1'  class='main_color av_default_container_wrap container_wrap sidebar_left'  ><div class='container av-section-cont-open' ><div class='template-page content  av-content-small units'><div class='post-entry post-entry-type-page post-entry-1447'><div class='entry-content-wrapper clearfix'>\n\n<style type=\"text\/css\" data-created_by=\"avia_inline_auto\" id=\"style-css-av-1mjh1-a8a8c59f0e571765683101c95d07136a\">\n#top .av-special-heading.av-1mjh1-a8a8c59f0e571765683101c95d07136a{\npadding-bottom:5px;\n}\nbody .av-special-heading.av-1mjh1-a8a8c59f0e571765683101c95d07136a .av-special-heading-tag .heading-char{\nfont-size:25px;\n}\n.av-special-heading.av-1mjh1-a8a8c59f0e571765683101c95d07136a .av-subheading{\nfont-size:15px;\n}\n<\/style>\n<div  class='av-special-heading av-1mjh1-a8a8c59f0e571765683101c95d07136a av-special-heading-h1  avia-builder-el-1  el_after_av_layerslider  el_before_av_textblock  avia-builder-el-first '><h1 class='av-special-heading-tag '  itemprop=\"headline\"  >Our houseboats<\/h1><div class=\"special-heading-border\"><div class=\"special-heading-inner-border\"><\/div><\/div><\/div>\n<section  class='av_textblock_section av-h2ffl-1f7098dff596314b56da3e7dd0b2094a '   itemscope=\"itemscope\" itemtype=\"https:\/\/schema.org\/CreativeWork\" ><div class='avia_textblock'  itemprop=\"text\" ><p>Explore the expansiveness of Gouin Reservoir at your own pace and fish in tranquility on one of our 7 houseboats. Equipped with all the standard amenities, these floating cabins are ideal accommodations for a memorable fishing adventure.<\/p>\n<p>Our houseboats come with <strong>40 hp or 50 hp four-stroke motors<\/strong> that can reach a cruising speed of 10 km\/h. Located at the front of the boat, the cockpit has everything you need to navigate smoothly, including a bathymetric chart, sonar and GPS. Each floating home includes a veranda where you can step out and take in the great outdoors.<\/p>\n<\/div><\/section>\n<div  class='flex_column av-g6k21-f1314e79304449d8a5901c10e372ff36 av_one_full  avia-builder-el-3  el_after_av_textblock  el_before_av_one_third  first flex_column_div  column-top-margin'     ><div  id=\"av-sc-portfolio-1\"  class=\"av-portfolio-grid-sorting-container\"><div class='sort_width_container  av-sort-yes' data-portfolio-id='1' ><div id='js_sort_items' ><div class='sort_by_cat hidden'><a href=\"#\" data-filter=\"all_sort\" class=\"all_sort_button active_sort\"><span class=\"inner_sort_button\"><span>All<\/span><small class=\"av-cat-count\"> 3 <\/small><\/span><\/a><\/div><\/div><\/div><div  class=' grid-sort-container isotope   no_margin-container with-excerpt-container grid-total-odd grid-col-3 grid-links-' data-portfolio-id='1'><div data-ajax-id='1452' class=' grid-entry flex_column isotope-item all_sort no_margin post-entry post-entry-1452 grid-entry-overview grid-loop-1 grid-parity-odd   av_one_third first default_av_fullwidth '><article class='main_color inner-entry'  itemscope=\"itemscope\" itemtype=\"https:\/\/schema.org\/CreativeWork\" ><a href=\"https:\/\/pourvoirielagalette.ca\/en\/portfolio\/standard-houseboats\/\" title='Standard houseboats'  data-rel='grid-1' class='grid-image avia-hover-fx'> <img width=\"495\" height=\"400\" src=\"https:\/\/pourvoirielagalette.ca\/wp-content\/uploads\/Pourvoirie-La-Galette-Bateau-Standard-17-495x400.jpg\" class=\"wp-image-1491 avia-img-lazy-loading-not-1491 attachment-portfolio size-portfolio wp-post-image\" alt=\"\" decoding=\"async\" srcset=\"https:\/\/pourvoirielagalette.ca\/wp-content\/uploads\/Pourvoirie-La-Galette-Bateau-Standard-17-495x400.jpg 495w, https:\/\/pourvoirielagalette.ca\/wp-content\/uploads\/Pourvoirie-La-Galette-Bateau-Standard-17-845x684.jpg 845w\" sizes=\"(max-width: 495px) 100vw, 495px\" \/><\/a><div class='grid-content'><div class='avia-arrow'><\/div><header class=\"entry-content-header\" aria-label=\"Portfolio: Standard houseboats\"><h3 class='grid-entry-title entry-title '  itemprop=\"headline\" ><a href='https:\/\/pourvoirielagalette.ca\/en\/portfolio\/standard-houseboats\/' title='Standard houseboats'>Standard houseboats<\/a><\/h3><\/header><\/div><footer class=\"entry-footer\"><\/footer><\/article><\/div><div data-ajax-id='1497' class=' grid-entry flex_column isotope-item all_sort no_margin post-entry post-entry-1497 grid-entry-overview grid-loop-2 grid-parity-even   av_one_third  default_av_fullwidth '><article class='main_color inner-entry'  itemscope=\"itemscope\" itemtype=\"https:\/\/schema.org\/CreativeWork\" ><a href=\"https:\/\/pourvoirielagalette.ca\/en\/portfolio\/deluxe-houseboats\/\" title='Deluxe houseboats'  data-rel='grid-1' class='grid-image avia-hover-fx'> <img width=\"495\" height=\"400\" src=\"https:\/\/pourvoirielagalette.ca\/wp-content\/uploads\/bateau_maison-495x400.jpg\" class=\"wp-image-1668 avia-img-lazy-loading-not-1668 attachment-portfolio size-portfolio wp-post-image\" alt=\"\" decoding=\"async\" \/><\/a><div class='grid-content'><div class='avia-arrow'><\/div><header class=\"entry-content-header\" aria-label=\"Portfolio: Deluxe houseboats\"><h3 class='grid-entry-title entry-title '  itemprop=\"headline\" ><a href='https:\/\/pourvoirielagalette.ca\/en\/portfolio\/deluxe-houseboats\/' title='Deluxe houseboats'>Deluxe houseboats<\/a><\/h3><\/header><\/div><footer class=\"entry-footer\"><\/footer><\/article><\/div><div data-ajax-id='1502' class=' grid-entry flex_column isotope-item all_sort no_margin post-entry post-entry-1502 grid-entry-overview grid-loop-3 grid-parity-odd  post-entry-last   av_one_third  default_av_fullwidth '><article class='main_color inner-entry'  itemscope=\"itemscope\" itemtype=\"https:\/\/schema.org\/CreativeWork\" ><a href=\"https:\/\/pourvoirielagalette.ca\/en\/portfolio\/vip-houseboats\/\" title='VIP houseboats'  data-rel='grid-1' class='grid-image avia-hover-fx'> <img width=\"495\" height=\"400\" src=\"https:\/\/pourvoirielagalette.ca\/wp-content\/uploads\/Pourvoirie-La-Galette-VIP-1-495x400.jpg\" class=\"wp-image-1685 avia-img-lazy-loading-not-1685 attachment-portfolio size-portfolio wp-post-image\" alt=\"\" decoding=\"async\" srcset=\"https:\/\/pourvoirielagalette.ca\/wp-content\/uploads\/Pourvoirie-La-Galette-VIP-1-495x400.jpg 495w, https:\/\/pourvoirielagalette.ca\/wp-content\/uploads\/Pourvoirie-La-Galette-VIP-1-845x684.jpg 845w\" sizes=\"(max-width: 495px) 100vw, 495px\" \/><\/a><div class='grid-content'><div class='avia-arrow'><\/div><header class=\"entry-content-header\" aria-label=\"Portfolio: VIP houseboats\"><h3 class='grid-entry-title entry-title '  itemprop=\"headline\" ><a href='https:\/\/pourvoirielagalette.ca\/en\/portfolio\/vip-houseboats\/' title='VIP houseboats'>VIP houseboats<\/a><\/h3><\/header><\/div><footer class=\"entry-footer\"><\/footer><\/article><\/div><\/div><\/div>   <!--   class=\"av-portfolio-grid-sorting-container\"  --><\/div>\n<div  class='flex_column av-f1v8p-f3c1580648ea5e8083e63c5351dc61a3 av_one_third  avia-builder-el-5  el_after_av_one_full  el_before_av_one_third  first flex_column_div  column-top-margin'     ><p>\n<style type=\"text\/css\" data-created_by=\"avia_inline_auto\" id=\"style-css-av-2c385-6e0cd676032a303bc949a9cda63588e5\">\n#top .av-special-heading.av-2c385-6e0cd676032a303bc949a9cda63588e5{\npadding-bottom:10px;\n}\nbody .av-special-heading.av-2c385-6e0cd676032a303bc949a9cda63588e5 .av-special-heading-tag .heading-char{\nfont-size:25px;\n}\n.av-special-heading.av-2c385-6e0cd676032a303bc949a9cda63588e5 .av-subheading{\nfont-size:15px;\n}\n<\/style>\n<div  class='av-special-heading av-2c385-6e0cd676032a303bc949a9cda63588e5 av-special-heading-h3  avia-builder-el-6  el_before_av_textblock  avia-builder-el-first '><h3 class='av-special-heading-tag '  itemprop=\"headline\"  >Standard houseboats<\/h3><div class=\"special-heading-border\"><div class=\"special-heading-inner-border\"><\/div><\/div><\/div><br \/>\n<section  class='av_textblock_section av-e62n5-44d27c766a3d849f5e31e7f0e8b32a2f '   itemscope=\"itemscope\" itemtype=\"https:\/\/schema.org\/CreativeWork\" ><div class='avia_textblock'  itemprop=\"text\" ><h3>$ 100<\/h3>\n<p>Per person\/per day*<br \/>\nAdmission fees included<br \/>\n6\u00a0to 8 people<br \/>\n*4-night minimum stay<\/p>\n<\/div><\/section><\/p><\/div>\n<div  class='flex_column av-danmh-48dbd8a15a2cabc39a2cc7261750c8de av_one_third  avia-builder-el-8  el_after_av_one_third  el_before_av_one_third  flex_column_div  column-top-margin'     ><p>\n<style type=\"text\/css\" data-created_by=\"avia_inline_auto\" id=\"style-css-av-1btil-e5952196f3741cf5e59db844385248fa\">\n#top .av-special-heading.av-1btil-e5952196f3741cf5e59db844385248fa{\npadding-bottom:10px;\n}\nbody .av-special-heading.av-1btil-e5952196f3741cf5e59db844385248fa .av-special-heading-tag .heading-char{\nfont-size:25px;\n}\n.av-special-heading.av-1btil-e5952196f3741cf5e59db844385248fa .av-subheading{\nfont-size:15px;\n}\n<\/style>\n<div  class='av-special-heading av-1btil-e5952196f3741cf5e59db844385248fa av-special-heading-h3  avia-builder-el-9  el_before_av_textblock  avia-builder-el-first '><h3 class='av-special-heading-tag '  itemprop=\"headline\"  >Deluxe<\/h3><div class=\"special-heading-border\"><div class=\"special-heading-inner-border\"><\/div><\/div><\/div><br \/>\n<section  class='av_textblock_section av-cc8w1-85d6bd7c0a27ba6afc4691fc764187e9 '   itemscope=\"itemscope\" itemtype=\"https:\/\/schema.org\/CreativeWork\" ><div class='avia_textblock'  itemprop=\"text\" ><h3>$ 115<\/h3>\n<p>Per person\/per day*<br \/>\nAdmission fees included<br \/>\n6 to 12 people<br \/>\n*4-night minimum stay<\/p>\n<\/div><\/section><\/p><\/div>\n<div  class='flex_column av-bk4p5-dce5d04642cdf0a7febdc9ce7736a13e av_one_third  avia-builder-el-11  el_after_av_one_third  el_before_av_section  avia-builder-el-last  flex_column_div  column-top-margin'     ><p>\n<style type=\"text\/css\" data-created_by=\"avia_inline_auto\" id=\"style-css-av-16erh-5073b0dd814623a16d01c022fbea2237\">\n#top .av-special-heading.av-16erh-5073b0dd814623a16d01c022fbea2237{\npadding-bottom:10px;\n}\nbody .av-special-heading.av-16erh-5073b0dd814623a16d01c022fbea2237 .av-special-heading-tag .heading-char{\nfont-size:25px;\n}\n.av-special-heading.av-16erh-5073b0dd814623a16d01c022fbea2237 .av-subheading{\nfont-size:15px;\n}\n<\/style>\n<div  class='av-special-heading av-16erh-5073b0dd814623a16d01c022fbea2237 av-special-heading-h3  avia-builder-el-12  el_before_av_textblock  avia-builder-el-first '><h3 class='av-special-heading-tag '  itemprop=\"headline\"  >VIP<\/h3><div class=\"special-heading-border\"><div class=\"special-heading-inner-border\"><\/div><\/div><\/div><br \/>\n<section  class='av_textblock_section av-aki25-4e6d7531b5a666f8efdb1fc9fd0e707b '   itemscope=\"itemscope\" itemtype=\"https:\/\/schema.org\/CreativeWork\" ><div class='avia_textblock'  itemprop=\"text\" ><h3>$ 190\u00a0 to $ 215<\/h3>\n<p>Per person \/ per day* \/ Hydroplane<br \/>\n4 to 8 people<br \/>\n*4-night minimum stay<\/p>\n<\/div><\/section><\/p><\/div>\n<\/div><\/div><\/div><!-- close content main div --><\/div><\/div>\n<style type=\"text\/css\" data-created_by=\"avia_inline_auto\" id=\"style-css-av-rmri-e68ccdb95242fa6b5a31c3ecd4bb9290\">\n.avia-section.av-rmri-e68ccdb95242fa6b5a31c3ecd4bb9290{\nbackground-color:#f4f4f4;\nbackground-image:unset;\n}\n<\/style>\n<div id='av_section_1'  class='avia-section av-rmri-e68ccdb95242fa6b5a31c3ecd4bb9290 main_color avia-section-default avia-no-shadow  avia-builder-el-14  el_after_av_one_third  el_before_av_section  avia-bg-style-scroll container_wrap sidebar_left'  ><div class='container av-section-cont-open' ><div class='template-page content  av-content-small units'><div class='post-entry post-entry-type-page post-entry-1447'><div class='entry-content-wrapper clearfix'>\n<div  class='flex_column av-9f7hh-cfe605fadcc02ef9569f1cb25abf7901 av_one_half  avia-builder-el-15  el_before_av_one_half  avia-builder-el-first  first flex_column_div  '     ><style type=\"text\/css\" data-created_by=\"avia_inline_auto\" id=\"style-css-av-8l9ed-f74af830e7d26d6b78049321acf16121\">\n.iconbox.av-8l9ed-f74af830e7d26d6b78049321acf16121 .iconbox_icon{\nbackground-color:#000000;\ncolor:#f8ee61;\n}\n<\/style>\n<article  class='iconbox iconbox_left av-8l9ed-f74af830e7d26d6b78049321acf16121  avia-builder-el-16  avia-builder-el-no-sibling '  itemscope=\"itemscope\" itemtype=\"https:\/\/schema.org\/CreativeWork\" ><div class=\"iconbox_content\"><header class=\"entry-content-header\" aria-label=\"Icon: All houseboat packages include:\"><div class=\"iconbox_icon heading-color\" aria-hidden='true' data-av_icon='\ue812' data-av_iconfont='entypo-fontello'><\/div><h3 class='iconbox_content_title '  itemprop=\"headline\" >All houseboat packages include:<\/h3><\/header><div class='iconbox_content_container '  itemprop=\"text\" ><p>\u2022 Sonar<br \/>\n\u2022 Bathymetric chart, GPS\/sonar<br \/>\n\u2022 Anchor for fishing boats<br \/>\n\u2022 Fully equipped kitchen<br \/>\n\u2022 Propane stove, BBQ<br \/>\n\u2022 Solar-powered refrigerator<br \/>\n\u2022 Freezer (generator rental available)<br \/>\n\u2022 Solar-powered lighting<br \/>\n\u2022 Toilet, shower, hot water<br \/>\n\u2022 Radio communication system connecting you to our base<br \/>\n\u2022 First aid kit<br \/>\n\u2022 Four-stroke Mercury motor (Standard: 40 hp\/Deluxe: 50 hp)<br \/>\n\u2022 Standard: twin bunk beds\/Deluxe: twin beds<br \/>\n\u2022 Admission fees included *Does not apply to the VIP package*<\/p>\n<\/div><\/div><footer class=\"entry-footer\"><\/footer><\/article><\/div><div  class='flex_column av-83wv1-110a75116b938ee6243154b8b5db51b8 av_one_half  avia-builder-el-17  el_after_av_one_half  el_before_av_hr  flex_column_div  '     ><style type=\"text\/css\" data-created_by=\"avia_inline_auto\" id=\"style-css-av-7mxip-18a70e6b67b045d0a5109513f7585807\">\n.iconbox.av-7mxip-18a70e6b67b045d0a5109513f7585807 .iconbox_icon{\nbackground-color:#000000;\ncolor:#f8ee61;\n}\n<\/style>\n<article  class='iconbox iconbox_left av-7mxip-18a70e6b67b045d0a5109513f7585807  avia-builder-el-18  avia-builder-el-no-sibling '  itemscope=\"itemscope\" itemtype=\"https:\/\/schema.org\/CreativeWork\" ><div class=\"iconbox_content\"><header class=\"entry-content-header\" aria-label=\"Icon: NOT INCLUDED*\"><div class=\"iconbox_icon heading-color\" aria-hidden='true' data-av_icon='\ue813' data-av_iconfont='entypo-fontello'><\/div><h3 class='iconbox_content_title '  itemprop=\"headline\" >NOT INCLUDED*<\/h3><\/header><div class='iconbox_content_container '  itemprop=\"text\" ><p>\u2022 Generator<br \/>\n\u2022 Bedding (not available)<br \/>\n\u2022 Life jackets<br \/>\n\u2022 Drinking water<br \/>\n\u2022 Gas<br \/>\n\u2022 Worms and leeches<\/p>\n<\/div><\/div><footer class=\"entry-footer\"><\/footer><\/article><\/div>\n<style type=\"text\/css\" data-created_by=\"avia_inline_auto\" id=\"style-css-av-9n2id-177575b75f1e55ea7de119e85254ed54\">\n#top .hr.hr-invisible.av-9n2id-177575b75f1e55ea7de119e85254ed54{\nheight:40px;\n}\n<\/style>\n<div  class='hr av-9n2id-177575b75f1e55ea7de119e85254ed54 hr-invisible  avia-builder-el-19  el_after_av_one_half  el_before_av_button '><span class='hr-inner '><span class=\"hr-inner-style\"><\/span><\/span><\/div>\n<div  class='avia-button-wrap av-6mtd5-7306870e132ef1d1aeba01a02390e11f-wrap avia-button-center  avia-builder-el-20  el_after_av_hr  avia-builder-el-last '>\n<style type=\"text\/css\" data-created_by=\"avia_inline_auto\" id=\"style-css-av-6mtd5-7306870e132ef1d1aeba01a02390e11f\">\n#top #wrap_all .avia-button.av-6mtd5-7306870e132ef1d1aeba01a02390e11f{\nbackground-color:#000000;\nborder-color:#000000;\ncolor:#f8ee61;\ntransition:all 0.4s ease-in-out;\n}\n#top #wrap_all .avia-button.av-6mtd5-7306870e132ef1d1aeba01a02390e11f:hover{\nbackground-color:grey;\ncolor:#ffffff;\ntransition:all 0.4s ease-in-out;\n}\n<\/style>\n<a href='https:\/\/pourvoirielagalette.ca\/en\/compare-houseboats\/'  class='avia-button av-6mtd5-7306870e132ef1d1aeba01a02390e11f av-link-btn avia-icon_select-yes-left-icon avia-size-x-large avia-position-center'   aria-label=\"Compare houseboats\"><span class='avia_button_icon avia_button_icon_left' aria-hidden='true' data-av_icon='\ue811' data-av_iconfont='entypo-fontello'><\/span><span class='avia_iconbox_title' >Compare houseboats<\/span><\/a><\/div>\n\n<\/div><\/div><\/div><!-- close content main div --><\/div><\/div><div id='av_section_2'  class='avia-section av-62ck5-5da1ee444a41b3a9675668ee2e95d738 main_color avia-section-default avia-no-shadow  avia-builder-el-21  el_after_av_section  avia-builder-el-last  avia-bg-style-scroll container_wrap sidebar_left'  ><div class='container av-section-cont-open' ><div class='template-page content  av-content-small units'><div class='post-entry post-entry-type-page post-entry-1447'><div class='entry-content-wrapper clearfix'>\n<section  class='av_textblock_section av-5sbix-f1146b5a3b7fa557d5aa5e911c71781a '   itemscope=\"itemscope\" itemtype=\"https:\/\/schema.org\/CreativeWork\" ><div class='avia_textblock'  itemprop=\"text\" ><h2 style=\"text-align: center;\">Our partners<\/h2>\n<p style=\"text-align: center;\">Visit our partners\u2019 sites by clicking on their logo.<\/p>\n<\/div><\/section>\n<div  class='avia-logo-element-container av-57t0t-d0997d29c466a1ebb74e2476a411fc37 av-border-deactivate avia-logo-slider avia-content-slider avia-smallarrow-slider avia-content-slider-active noHover avia-content-slider-odd  avia-builder-el-23  el_after_av_textblock  avia-builder-el-last  av-slideshow-ui av-control-default av-nav-arrows-visible av-nav-dots-visible av-hide-nav-arrows av-slideshow-autoplay av-loop-endless av-loop-manual-endless avia-content-slider1' data-slideshow-options=\"{&quot;animation&quot;:&quot;slide&quot;,&quot;autoplay&quot;:true,&quot;loop_autoplay&quot;:&quot;endless&quot;,&quot;interval&quot;:100,&quot;loop_manual&quot;:&quot;manual-endless&quot;,&quot;autoplay_stopper&quot;:false,&quot;noNavigation&quot;:false,&quot;bg_slider&quot;:false,&quot;keep_padding&quot;:&quot;&quot;,&quot;hoverpause&quot;:false,&quot;show_slide_delay&quot;:0}\"><div class='avia-smallarrow-slider-heading  no-logo-slider-heading '><div class='new-special-heading'>&nbsp;<\/div><\/div><div class=\"avia-content-slider-inner\"><div class=\"slide-entry-wrap\"><div data-avia-tooltip=\"AFC Gouin\" class='slide-entry av-4a3d5-f20dbf0aab01df81b9ab08d44ad43c02 flex_column no_margin av_one_seventh real-thumbnail post-entry slide-entry-overview slide-loop-1 slide-parity-odd  first'><a href=\"http:\/\/www.afcgouin.ca\" data-rel='slide-1' class='slide-image' title='' target=\"_blank\" rel=\"noopener noreferrer\"><img width=\"85\" height=\"81\" src=\"https:\/\/pourvoirielagalette.ca\/wp-content\/uploads\/Logo_AFC_Gouin_site_Web_2.png\" class=\"wp-image-1722 avia-img-lazy-loading-1722 attachment-no scaling size-no scaling\" alt=\"Logo Chassomaniak\" decoding=\"async\" loading=\"lazy\" \/><\/a><\/div><div data-avia-tooltip=\"Airmedic\" class='slide-entry av-43o45-119a3461e6ef61390b1fe14ea1de1918 flex_column no_margin av_one_seventh real-thumbnail post-entry slide-entry-overview slide-loop-2 slide-parity-even  '><a href=\"https:\/\/www.airmedic.net\/\" data-rel='slide-1' class='slide-image' title='' target=\"_blank\" rel=\"noopener noreferrer\"><img width=\"132\" height=\"72\" src=\"https:\/\/pourvoirielagalette.ca\/wp-content\/uploads\/2014\/12\/logo_airmedic.jpg\" class=\"wp-image-1725 avia-img-lazy-loading-1725 attachment-no scaling size-no scaling\" alt=\"Air Medic\" decoding=\"async\" loading=\"lazy\" \/><\/a><\/div><div data-avia-tooltip=\"Association des pourvoiries de la Mauricie\" class='slide-entry av-36mrh-cff18aa60558b05a45f33913fb2ca539 flex_column no_margin av_one_seventh real-thumbnail post-entry slide-entry-overview slide-loop-3 slide-parity-odd  '><a href=\"http:\/\/www.naturemauricie.com\/\" data-rel='slide-1' class='slide-image' title='' target=\"_blank\" rel=\"noopener noreferrer\"><img width=\"133\" height=\"72\" src=\"https:\/\/pourvoirielagalette.ca\/wp-content\/uploads\/2014\/12\/logo_APM.jpg\" class=\"wp-image-1747 avia-img-lazy-loading-1747 attachment-no scaling size-no scaling\" alt=\"Association des pourvoiries de la Mauricie\" decoding=\"async\" loading=\"lazy\" \/><\/a><\/div><div data-avia-tooltip=\"F\u00e9d\u00e9ration des pourvoiries du Qu\u00e9bec\" class='slide-entry av-2jict-90456bed15a2b9028cb5ed95db0f0997 flex_column no_margin av_one_seventh real-thumbnail post-entry slide-entry-overview slide-loop-4 slide-parity-even  '><a href=\"http:\/\/www.fpq.com\" data-rel='slide-1' class='slide-image' title='' target=\"_blank\" rel=\"noopener noreferrer\"><img width=\"130\" height=\"94\" src=\"https:\/\/pourvoirielagalette.ca\/wp-content\/uploads\/logo_FPQ.jpg\" class=\"wp-image-1724 avia-img-lazy-loading-1724 attachment-no scaling size-no scaling\" alt=\"F\u00e9d\u00e9ration de pourvoiries du Qu\u00e9bec\" decoding=\"async\" loading=\"lazy\" \/><\/a><\/div><div data-avia-tooltip=\"Les pourvoiries du Qu\u00e9bec\" class='slide-entry av-6wg1-b6163604a5c0e27cbb709896bfdf9921 flex_column no_margin av_one_seventh real-thumbnail post-entry slide-entry-overview slide-loop-5 slide-parity-odd  '><a href=\"http:\/\/www.pourvoiries.com\/\" data-rel='slide-1' class='slide-image' title='' target=\"_blank\" rel=\"noopener noreferrer\"><img width=\"129\" height=\"72\" src=\"https:\/\/pourvoirielagalette.ca\/wp-content\/uploads\/2014\/12\/logo_PQ.jpg\" class=\"wp-image-1759 avia-img-lazy-loading-1759 attachment-no scaling size-no scaling\" alt=\"Les pourvoiries du Qu\u00e9bec\" decoding=\"async\" loading=\"lazy\" \/><\/a><\/div><div data-avia-tooltip=\"Mercury\" class='slide-entry av-1qg4x-652c180ce8c89459f802c1b64b6ea03a flex_column no_margin av_one_seventh real-thumbnail post-entry slide-entry-overview slide-loop-6 slide-parity-even  '><a href=\"https:\/\/www.mercurymarine.com\/\" data-rel='slide-1' class='slide-image' title='' target=\"_blank\" rel=\"noopener noreferrer\"><img width=\"139\" height=\"72\" src=\"https:\/\/pourvoirielagalette.ca\/wp-content\/uploads\/2014\/12\/logo_mercury.jpg\" class=\"wp-image-1726 avia-img-lazy-loading-1726 attachment-no scaling size-no scaling\" alt=\"Mercury\" decoding=\"async\" loading=\"lazy\" \/><\/a><\/div><div data-avia-tooltip=\"SOPFEU\" class='slide-entry av-obrd-c7a14623958862e60ed4a1b4541ed1eb flex_column no_margin av_one_seventh real-thumbnail post-entry slide-entry-overview slide-loop-7 slide-parity-odd post-entry-last '><a href=\"http:\/\/www.sopfeu.qc.ca\/\" data-rel='slide-1' class='slide-image' title='' target=\"_blank\" rel=\"noopener noreferrer\"><img width=\"93\" height=\"72\" src=\"https:\/\/pourvoirielagalette.ca\/wp-content\/uploads\/2014\/12\/logo_sopfeu.jpg\" class=\"wp-image-1758 avia-img-lazy-loading-1758 attachment-no scaling size-no scaling\" alt=\"Sopfeu\" decoding=\"async\" loading=\"lazy\" \/><\/a><\/div><\/div><\/div><\/div>\n<\/div><\/div><\/div><!-- close content main div --><\/div><\/div><div id='after_section_2'  class='main_color av_default_container_wrap container_wrap sidebar_left'  ><div class='container av-section-cont-open' ><div class='template-page content  av-content-small units'><div class='post-entry post-entry-type-page post-entry-1447'><div class='entry-content-wrapper clearfix'>\n","protected":false},"excerpt":{"rendered":"","protected":false},"author":5,"featured_media":0,"parent":0,"menu_order":0,"comment_status":"open","ping_status":"open","template":"","meta":[],"_links":{"self":[{"href":"https:\/\/pourvoirielagalette.ca\/en\/wp-json\/wp\/v2\/pages\/1447"}],"collection":[{"href":"https:\/\/pourvoirielagalette.ca\/en\/wp-json\/wp\/v2\/pages"}],"about":[{"href":"https:\/\/pourvoirielagalette.ca\/en\/wp-json\/wp\/v2\/types\/page"}],"author":[{"embeddable":true,"href":"https:\/\/pourvoirielagalette.ca\/en\/wp-json\/wp\/v2\/users\/5"}],"replies":[{"embeddable":true,"href":"https:\/\/pourvoirielagalette.ca\/en\/wp-json\/wp\/v2\/comments?post=1447"}],"version-history":[{"count":19,"href":"https:\/\/pourvoirielagalette.ca\/en\/wp-json\/wp\/v2\/pages\/1447\/revisions"}],"predecessor-version":[{"id":2194,"href":"https:\/\/pourvoirielagalette.ca\/en\/wp-json\/wp\/v2\/pages\/1447\/revisions\/2194"}],"wp:attachment":[{"href":"https:\/\/pourvoirielagalette.ca\/en\/wp-json\/wp\/v2\/media?parent=1447"}],"curies":[{"name":"wp","href":"https:\/\/api.w.org\/{rel}","templated":true}]}}