{"id":1436,"date":"2021-01-29T11:38:48","date_gmt":"2021-01-29T16:38:48","guid":{"rendered":"https:\/\/pourvoirielagalette.ca\/gouin-reservoir\/"},"modified":"2023-10-05T13:33:00","modified_gmt":"2023-10-05T17:33:00","slug":"gouin-reservoir","status":"publish","type":"page","link":"https:\/\/pourvoirielagalette.ca\/en\/gouin-reservoir\/","title":{"rendered":"Gouin Reservoir"},"content":{"rendered":"<div id='layer_slider_1'  class='avia-layerslider main_color avia-shadow  avia-builder-el-0  el_before_av_heading  avia-builder-el-first  container_wrap sidebar_left'  style='height: 491px; max-width: 1310px; margin: 0 auto;'  ><\/div><div id='after_layer_slider_1'  class='main_color av_default_container_wrap container_wrap sidebar_left'  ><div class='container av-section-cont-open' ><div class='template-page content  av-content-small units'><div class='post-entry post-entry-type-page post-entry-1436'><div class='entry-content-wrapper clearfix'>\n\n<style type=\"text\/css\" data-created_by=\"avia_inline_auto\" id=\"style-css-av-cz1xi-a05a51f240e56bf4929546ee6a3626d6\">\n#top .av-special-heading.av-cz1xi-a05a51f240e56bf4929546ee6a3626d6{\npadding-bottom:5px;\n}\nbody .av-special-heading.av-cz1xi-a05a51f240e56bf4929546ee6a3626d6 .av-special-heading-tag .heading-char{\nfont-size:25px;\n}\n.av-special-heading.av-cz1xi-a05a51f240e56bf4929546ee6a3626d6 .av-subheading{\nfont-size:15px;\n}\n<\/style>\n<div  class='av-special-heading av-cz1xi-a05a51f240e56bf4929546ee6a3626d6 av-special-heading-h1  avia-builder-el-1  el_after_av_layerslider  el_before_av_textblock  avia-builder-el-first '><h1 class='av-special-heading-tag '  itemprop=\"headline\"  >Gouin Reservoir<\/h1><div class=\"special-heading-border\"><div class=\"special-heading-inner-border\"><\/div><\/div><\/div>\n<section  class='av_textblock_section av-1y42ee-8ea93ab2c6c675f482780ea245e3e9de '   itemscope=\"itemscope\" itemtype=\"https:\/\/schema.org\/CreativeWork\" ><div class='avia_textblock'  itemprop=\"text\" ><h3>Walleye and pike fishing at Gouin Reservoir<\/h3>\n<p>Popular for pike and walleye fishing, Gouin Reservoir is equally known for its stunning white sand beaches and its untouched territory rich in plant and animal life.<\/p>\n<p>With over 275 km of waterways, Gouin Reservoir is a 1,789\u00a0km<sup>2<\/sup> lake abundant with fish and a variety of aquatic animals. Whether you\u2019re a seasoned fisher or just starting out, you\u2019ll be impressed by the lake\u2019s majestic natural landscapes and high-quality fishing.<\/p>\n<p>Named after former Quebec premier Lomer Gouin, the Gouin reservoir and dam were built to facilitate log drives from La Tuque to Trois-Rivi\u00e8res, regulate the flow of the Saint-Maurice River and optimize electricity generation at the power stations downstream. Gouin Reservoir is now a natural playground for fishing, hunting and outdoor enthusiasts.<\/p>\n<p>Located on the reservoir, Pourvoirie Rivi\u00e8re La Galette is known for its quality fishing and abundance of pikes and walleyes. Walleye, one of the most caught fish in North America, is considered a gourmet fish for its particularly tender and flavourful meat. Pike, on the other hand, is a remarkably strong and aggressive predator, truly putting the \u201csport\u201d in \u201csport fishing.\u201d<\/p>\n<p>Pourvoirie Rivi\u00e8re La Galette\u2019s experienced team will be able to direct you to the best fishing spots on Gouin Reservoir. Discover this vast territory and enjoy a unique experience by selecting one of our seven houseboats (Standard,\u00a0Deluxe\u00a0or\u00a0VIP) for your stay.<\/p>\n<\/div><\/section>\n<\/div><\/div><\/div><!-- close content main div --><\/div><\/div><div id='av_section_1'  class='avia-section av-1tgdd2-8d62d05a84d9c68a1f1412318b24ae58 main_color avia-section-default avia-no-shadow  avia-builder-el-3  el_after_av_textblock  avia-builder-el-last  avia-bg-style-scroll container_wrap sidebar_left'  ><div class='container av-section-cont-open' ><div class='template-page content  av-content-small units'><div class='post-entry post-entry-type-page post-entry-1436'><div class='entry-content-wrapper clearfix'>\n<section  class='av_textblock_section av-1mjvdi-73b963a54965bfacc538cef2ec12b5c2 '   itemscope=\"itemscope\" itemtype=\"https:\/\/schema.org\/CreativeWork\" ><div class='avia_textblock'  itemprop=\"text\" ><h2 style=\"text-align: center;\">Our partners<\/h2>\n<p style=\"text-align: center;\">Visit our partners\u2019 sites by clicking on their logo.<\/p>\n<\/div><\/section>\n<div  class='avia-logo-element-container av-1h7p5y-c83200a1aeafb8a6350a801c639ba7f4 av-border-deactivate avia-logo-slider avia-content-slider avia-smallarrow-slider avia-content-slider-active noHover avia-content-slider-odd  avia-builder-el-5  el_after_av_textblock  avia-builder-el-last  av-slideshow-ui av-control-default av-nav-arrows-visible av-nav-dots-visible av-hide-nav-arrows av-slideshow-autoplay av-loop-endless av-loop-manual-endless avia-content-slider1' data-slideshow-options=\"{&quot;animation&quot;:&quot;slide&quot;,&quot;autoplay&quot;:true,&quot;loop_autoplay&quot;:&quot;endless&quot;,&quot;interval&quot;:100,&quot;loop_manual&quot;:&quot;manual-endless&quot;,&quot;autoplay_stopper&quot;:false,&quot;noNavigation&quot;:false,&quot;bg_slider&quot;:false,&quot;keep_padding&quot;:&quot;&quot;,&quot;hoverpause&quot;:false,&quot;show_slide_delay&quot;:0}\"><div class='avia-smallarrow-slider-heading  no-logo-slider-heading '><div class='new-special-heading'>&nbsp;<\/div><\/div><div class=\"avia-content-slider-inner\"><div class=\"slide-entry-wrap\"><div data-avia-tooltip=\"AFC Gouin\" class='slide-entry av-18tala-ce0eaf0e05a6364184fad52982910c67 flex_column no_margin av_one_seventh real-thumbnail post-entry slide-entry-overview slide-loop-1 slide-parity-odd  first'><a href=\"http:\/\/www.afcgouin.ca\" data-rel='slide-1' class='slide-image' title='' target=\"_blank\" rel=\"noopener noreferrer\"><img width=\"85\" height=\"81\" src=\"https:\/\/pourvoirielagalette.ca\/wp-content\/uploads\/Logo_AFC_Gouin_site_Web_2.png\" class=\"wp-image-1722 avia-img-lazy-loading-1722 attachment-no scaling size-no scaling\" alt=\"Logo Chassomaniak\" decoding=\"async\" loading=\"lazy\" \/><\/a><\/div><div data-avia-tooltip=\"Airmedic\" class='slide-entry av-15aijq-8e27892102db5670a8fca6df596e55e1 flex_column no_margin av_one_seventh real-thumbnail post-entry slide-entry-overview slide-loop-2 slide-parity-even  '><a href=\"https:\/\/www.airmedic.net\/\" data-rel='slide-1' class='slide-image' title='' target=\"_blank\" rel=\"noopener noreferrer\"><img width=\"132\" height=\"72\" src=\"https:\/\/pourvoirielagalette.ca\/wp-content\/uploads\/2014\/12\/logo_airmedic.jpg\" class=\"wp-image-1725 avia-img-lazy-loading-1725 attachment-no scaling size-no scaling\" alt=\"Air Medic\" decoding=\"async\" loading=\"lazy\" \/><\/a><\/div><div data-avia-tooltip=\"Association des pourvoiries de la Mauricie\" class='slide-entry av-wdfwm-9e3da67267dbe86154d1f1514cdbdc6e flex_column no_margin av_one_seventh real-thumbnail post-entry slide-entry-overview slide-loop-3 slide-parity-odd  '><a href=\"http:\/\/www.naturemauricie.com\/\" data-rel='slide-1' class='slide-image' title='' target=\"_blank\" rel=\"noopener noreferrer\"><img width=\"133\" height=\"72\" src=\"https:\/\/pourvoirielagalette.ca\/wp-content\/uploads\/2014\/12\/logo_APM.jpg\" class=\"wp-image-1747 avia-img-lazy-loading-1747 attachment-no scaling size-no scaling\" alt=\"Association des pourvoiries de la Mauricie\" decoding=\"async\" loading=\"lazy\" \/><\/a><\/div><div data-avia-tooltip=\"F\u00e9d\u00e9ration des pourvoiries du Qu\u00e9bec\" class='slide-entry av-q2tq6-aaa4c2a52c2d08bb25ce17cffe2aad5e flex_column no_margin av_one_seventh real-thumbnail post-entry slide-entry-overview slide-loop-4 slide-parity-even  '><a href=\"http:\/\/www.fpq.com\" data-rel='slide-1' class='slide-image' title='' target=\"_blank\" rel=\"noopener noreferrer\"><img width=\"130\" height=\"94\" src=\"https:\/\/pourvoirielagalette.ca\/wp-content\/uploads\/logo_FPQ.jpg\" class=\"wp-image-1724 avia-img-lazy-loading-1724 attachment-no scaling size-no scaling\" alt=\"F\u00e9d\u00e9ration de pourvoiries du Qu\u00e9bec\" decoding=\"async\" loading=\"lazy\" \/><\/a><\/div><div data-avia-tooltip=\"Les pourvoiries du Qu\u00e9bec\" class='slide-entry av-k76we-5fba613e124b95e37baf377d3adff35f flex_column no_margin av_one_seventh real-thumbnail post-entry slide-entry-overview slide-loop-5 slide-parity-odd  '><a href=\"http:\/\/www.pourvoiries.com\/\" data-rel='slide-1' class='slide-image' title='' target=\"_blank\" rel=\"noopener noreferrer\"><img width=\"129\" height=\"72\" src=\"https:\/\/pourvoirielagalette.ca\/wp-content\/uploads\/2014\/12\/logo_PQ.jpg\" class=\"wp-image-1759 avia-img-lazy-loading-1759 attachment-no scaling size-no scaling\" alt=\"Les pourvoiries du Qu\u00e9bec\" decoding=\"async\" loading=\"lazy\" \/><\/a><\/div><div data-avia-tooltip=\"Mercury\" class='slide-entry av-dboem-c67a5ee92ba98570c7894478078b598e flex_column no_margin av_one_seventh real-thumbnail post-entry slide-entry-overview slide-loop-6 slide-parity-even  '><a href=\"https:\/\/www.mercurymarine.com\/\" data-rel='slide-1' class='slide-image' title='' target=\"_blank\" rel=\"noopener noreferrer\"><img width=\"139\" height=\"72\" src=\"https:\/\/pourvoirielagalette.ca\/wp-content\/uploads\/2014\/12\/logo_mercury.jpg\" class=\"wp-image-1726 avia-img-lazy-loading-1726 attachment-no scaling size-no scaling\" alt=\"Mercury\" decoding=\"async\" loading=\"lazy\" \/><\/a><\/div><div data-avia-tooltip=\"SOPFEU\" class='slide-entry av-9u3km-8053191ff099791c33cb62fbda91236d flex_column no_margin av_one_seventh real-thumbnail post-entry slide-entry-overview slide-loop-7 slide-parity-odd post-entry-last '><a href=\"http:\/\/www.sopfeu.qc.ca\/\" data-rel='slide-1' class='slide-image' title='' target=\"_blank\" rel=\"noopener noreferrer\"><img width=\"93\" height=\"72\" src=\"https:\/\/pourvoirielagalette.ca\/wp-content\/uploads\/2014\/12\/logo_sopfeu.jpg\" class=\"wp-image-1758 avia-img-lazy-loading-1758 attachment-no scaling size-no scaling\" alt=\"Sopfeu\" decoding=\"async\" loading=\"lazy\" \/><\/a><\/div><\/div><\/div><\/div>\n<\/div><\/div><\/div><!-- close content main div --><\/div><\/div><div id='after_section_1'  class='main_color av_default_container_wrap container_wrap sidebar_left'  ><div class='container av-section-cont-open' ><div class='template-page content  av-content-small units'><div class='post-entry post-entry-type-page post-entry-1436'><div class='entry-content-wrapper clearfix'>\n","protected":false},"excerpt":{"rendered":"","protected":false},"author":5,"featured_media":0,"parent":0,"menu_order":0,"comment_status":"open","ping_status":"open","template":"","meta":[],"_links":{"self":[{"href":"https:\/\/pourvoirielagalette.ca\/en\/wp-json\/wp\/v2\/pages\/1436"}],"collection":[{"href":"https:\/\/pourvoirielagalette.ca\/en\/wp-json\/wp\/v2\/pages"}],"about":[{"href":"https:\/\/pourvoirielagalette.ca\/en\/wp-json\/wp\/v2\/types\/page"}],"author":[{"embeddable":true,"href":"https:\/\/pourvoirielagalette.ca\/en\/wp-json\/wp\/v2\/users\/5"}],"replies":[{"embeddable":true,"href":"https:\/\/pourvoirielagalette.ca\/en\/wp-json\/wp\/v2\/comments?post=1436"}],"version-history":[{"count":16,"href":"https:\/\/pourvoirielagalette.ca\/en\/wp-json\/wp\/v2\/pages\/1436\/revisions"}],"predecessor-version":[{"id":2233,"href":"https:\/\/pourvoirielagalette.ca\/en\/wp-json\/wp\/v2\/pages\/1436\/revisions\/2233"}],"wp:attachment":[{"href":"https:\/\/pourvoirielagalette.ca\/en\/wp-json\/wp\/v2\/media?parent=1436"}],"curies":[{"name":"wp","href":"https:\/\/api.w.org\/{rel}","templated":true}]}}